{"id":129,"date":"2019-10-14T11:16:46","date_gmt":"2019-10-14T09:16:46","guid":{"rendered":"https:\/\/www.dentalaesthetics.at\/?page_id=129"},"modified":"2020-08-19T13:35:31","modified_gmt":"2020-08-19T11:35:31","slug":"kronen-und-bruecken","status":"publish","type":"page","link":"https:\/\/www.dentalaesthetics.at\/en\/kronen-und-bruecken\/","title":{"rendered":"Crowns and bridges"},"content":{"rendered":"<div data-elementor-type=\"wp-page\" data-elementor-id=\"129\" class=\"elementor elementor-129\" data-elementor-post-type=\"page\">\n\t\t\t\t\t\t<section class=\"elementor-section elementor-top-section elementor-element elementor-element-39edf9ce elementor-section-boxed elementor-section-height-default elementor-section-height-default\" data-id=\"39edf9ce\" data-element_type=\"section\" data-e-type=\"section\">\n\t\t\t\t\t\t<div class=\"elementor-container elementor-column-gap-default\">\n\t\t\t\t\t<div class=\"elementor-column elementor-col-100 elementor-top-column elementor-element elementor-element-1a873e92\" data-id=\"1a873e92\" data-element_type=\"column\" data-e-type=\"column\">\n\t\t\t<div class=\"elementor-widget-wrap elementor-element-populated\">\n\t\t\t\t\t\t<section class=\"elementor-section elementor-inner-section elementor-element elementor-element-44e8f2c7 elementor-section-boxed elementor-section-height-default elementor-section-height-default\" data-id=\"44e8f2c7\" data-element_type=\"section\" data-e-type=\"section\">\n\t\t\t\t\t\t<div class=\"elementor-container elementor-column-gap-default\">\n\t\t\t\t\t<div class=\"elementor-column elementor-col-50 elementor-inner-column elementor-element elementor-element-5384b908\" data-id=\"5384b908\" data-element_type=\"column\" data-e-type=\"column\">\n\t\t\t<div class=\"elementor-widget-wrap elementor-element-populated\">\n\t\t\t\t\t\t<div class=\"elementor-element elementor-element-78930d62 elementor-widget elementor-widget-heading\" data-id=\"78930d62\" data-element_type=\"widget\" data-e-type=\"widget\" data-widget_type=\"heading.default\">\n\t\t\t\t<div class=\"elementor-widget-container\">\n\t\t\t\t\t<h2 class=\"elementor-heading-title elementor-size-default\">Crown &amp; Bridges<\/h2>\t\t\t\t<\/div>\n\t\t\t\t<\/div>\n\t\t\t\t<div class=\"elementor-element elementor-element-713a3763 elementor-widget-divider--view-line elementor-widget elementor-widget-divider\" data-id=\"713a3763\" data-element_type=\"widget\" data-e-type=\"widget\" data-widget_type=\"divider.default\">\n\t\t\t\t<div class=\"elementor-widget-container\">\n\t\t\t\t\t\t\t<div class=\"elementor-divider\">\n\t\t\t<span class=\"elementor-divider-separator\">\n\t\t\t\t\t\t<\/span>\n\t\t<\/div>\n\t\t\t\t\t\t<\/div>\n\t\t\t\t<\/div>\n\t\t\t\t<div class=\"elementor-element elementor-element-2625eeb elementor-widget elementor-widget-heading\" data-id=\"2625eeb\" data-element_type=\"widget\" data-e-type=\"widget\" data-widget_type=\"heading.default\">\n\t\t\t\t<div class=\"elementor-widget-container\">\n\t\t\t\t\t<h5 class=\"elementor-heading-title elementor-size-default\">High quality ceramic dentures<\/h5>\t\t\t\t<\/div>\n\t\t\t\t<\/div>\n\t\t\t\t<div class=\"elementor-element elementor-element-5c7dabf4 elementor-widget elementor-widget-text-editor\" data-id=\"5c7dabf4\" data-element_type=\"widget\" data-e-type=\"widget\" data-widget_type=\"text-editor.default\">\n\t\t\t\t<div class=\"elementor-widget-container\">\n\t\t\t\t\t\t\t\t\t<p>The intraoral scanning procedure we use enables us to produce a ceramic dental prosthesis - quickly and individually tailored - in just one session. A 3D oral camera records the entire oral area and transmits this data to a computer. In this way the desired dental prosthesis is planned simultaneously and directly on the computer screen. Afterwards it is made quickly and precisely. This procedure is a CAD\/CAM technology with restoration solutions that save time and money, are versatile and individual.&nbsp;<\/p>\n<p><b>Advantages of ceramic as a dental material:<\/b><\/p>\t\t\t\t\t\t\t\t<\/div>\n\t\t\t\t<\/div>\n\t\t\t\t<div class=\"elementor-element elementor-element-d7181dd elementor-icon-list--layout-traditional elementor-list-item-link-full_width elementor-widget elementor-widget-icon-list\" data-id=\"d7181dd\" data-element_type=\"widget\" data-e-type=\"widget\" data-widget_type=\"icon-list.default\">\n\t\t\t\t<div class=\"elementor-widget-container\">\n\t\t\t\t\t\t\t<ul class=\"elementor-icon-list-items\">\n\t\t\t\t\t\t\t<li class=\"elementor-icon-list-item\">\n\t\t\t\t\t\t\t\t\t\t\t<span class=\"elementor-icon-list-icon\">\n\t\t\t\t\t\t\t<i aria-hidden=\"true\" class=\"fas fa-chevron-right\"><\/i>\t\t\t\t\t\t<\/span>\n\t\t\t\t\t\t\t\t\t\t<span class=\"elementor-icon-list-text\">highly compatible<\/span>\n\t\t\t\t\t\t\t\t\t<\/li>\n\t\t\t\t\t\t\t\t<li class=\"elementor-icon-list-item\">\n\t\t\t\t\t\t\t\t\t\t\t<span class=\"elementor-icon-list-icon\">\n\t\t\t\t\t\t\t<i aria-hidden=\"true\" class=\"fas fa-chevron-right\"><\/i>\t\t\t\t\t\t<\/span>\n\t\t\t\t\t\t\t\t\t\t<span class=\"elementor-icon-list-text\">break-proof<\/span>\n\t\t\t\t\t\t\t\t\t<\/li>\n\t\t\t\t\t\t\t\t<li class=\"elementor-icon-list-item\">\n\t\t\t\t\t\t\t\t\t\t\t<span class=\"elementor-icon-list-icon\">\n\t\t\t\t\t\t\t<i aria-hidden=\"true\" class=\"fas fa-chevron-right\"><\/i>\t\t\t\t\t\t<\/span>\n\t\t\t\t\t\t\t\t\t\t<span class=\"elementor-icon-list-text\">visually excellent<\/span>\n\t\t\t\t\t\t\t\t\t<\/li>\n\t\t\t\t\t\t\t\t<li class=\"elementor-icon-list-item\">\n\t\t\t\t\t\t\t\t\t\t\t<span class=\"elementor-icon-list-icon\">\n\t\t\t\t\t\t\t<i aria-hidden=\"true\" class=\"fas fa-chevron-right\"><\/i>\t\t\t\t\t\t<\/span>\n\t\t\t\t\t\t\t\t\t\t<span class=\"elementor-icon-list-text\">long-lasting<\/span>\n\t\t\t\t\t\t\t\t\t<\/li>\n\t\t\t\t\t\t\t\t<li class=\"elementor-icon-list-item\">\n\t\t\t\t\t\t\t\t\t\t\t<span class=\"elementor-icon-list-icon\">\n\t\t\t\t\t\t\t<i aria-hidden=\"true\" class=\"fas fa-chevron-right\"><\/i>\t\t\t\t\t\t<\/span>\n\t\t\t\t\t\t\t\t\t\t<span class=\"elementor-icon-list-text\">Guarantee for highest aesthetics and functionality<\/span>\n\t\t\t\t\t\t\t\t\t<\/li>\n\t\t\t\t\t\t\t\t<li class=\"elementor-icon-list-item\">\n\t\t\t\t\t\t\t\t\t\t\t<span class=\"elementor-icon-list-icon\">\n\t\t\t\t\t\t\t<i aria-hidden=\"true\" class=\"fas fa-chevron-right\"><\/i>\t\t\t\t\t\t<\/span>\n\t\t\t\t\t\t\t\t\t\t<span class=\"elementor-icon-list-text\">allergy free<\/span>\n\t\t\t\t\t\t\t\t\t<\/li>\n\t\t\t\t\t\t\t\t<li class=\"elementor-icon-list-item\">\n\t\t\t\t\t\t\t\t\t\t\t<span class=\"elementor-icon-list-icon\">\n\t\t\t\t\t\t\t<i aria-hidden=\"true\" class=\"fas fa-chevron-right\"><\/i>\t\t\t\t\t\t<\/span>\n\t\t\t\t\t\t\t\t\t\t<span class=\"elementor-icon-list-text\">versatile and flexible<\/span>\n\t\t\t\t\t\t\t\t\t<\/li>\n\t\t\t\t\t\t\t\t<li class=\"elementor-icon-list-item\">\n\t\t\t\t\t\t\t\t\t\t\t<span class=\"elementor-icon-list-icon\">\n\t\t\t\t\t\t\t<i aria-hidden=\"true\" class=\"fas fa-chevron-right\"><\/i>\t\t\t\t\t\t<\/span>\n\t\t\t\t\t\t\t\t\t\t<span class=\"elementor-icon-list-text\">metal-free dental restorations<\/span>\n\t\t\t\t\t\t\t\t\t<\/li>\n\t\t\t\t\t\t<\/ul>\n\t\t\t\t\t\t<\/div>\n\t\t\t\t<\/div>\n\t\t\t\t\t<\/div>\n\t\t<\/div>\n\t\t\t\t<div class=\"elementor-column elementor-col-50 elementor-inner-column elementor-element elementor-element-1cefae76\" data-id=\"1cefae76\" data-element_type=\"column\" data-e-type=\"column\">\n\t\t\t<div class=\"elementor-widget-wrap elementor-element-populated\">\n\t\t\t\t\t\t<div class=\"elementor-element elementor-element-70d91211 elementor-widget elementor-widget-image\" data-id=\"70d91211\" data-element_type=\"widget\" data-e-type=\"widget\" data-widget_type=\"image.default\">\n\t\t\t\t<div class=\"elementor-widget-container\">\n\t\t\t\t\t\t\t\t\t\t\t\t\t\t\t<img fetchpriority=\"high\" decoding=\"async\" width=\"600\" height=\"450\" src=\"https:\/\/www.dentalaesthetics.at\/wp-content\/uploads\/2019\/10\/zahnkrone.jpg\" class=\"attachment-large size-large wp-image-164\" alt=\"\" srcset=\"https:\/\/www.dentalaesthetics.at\/wp-content\/uploads\/2019\/10\/zahnkrone.jpg 600w, https:\/\/www.dentalaesthetics.at\/wp-content\/uploads\/2019\/10\/zahnkrone-300x225.jpg 300w\" sizes=\"(max-width: 600px) 100vw, 600px\" \/>\t\t\t\t\t\t\t\t\t\t\t\t\t\t\t<\/div>\n\t\t\t\t<\/div>\n\t\t\t\t\t<\/div>\n\t\t<\/div>\n\t\t\t\t\t<\/div>\n\t\t<\/section>\n\t\t\t\t\t<\/div>\n\t\t<\/div>\n\t\t\t\t\t<\/div>\n\t\t<\/section>\n\t\t\t\t<section class=\"elementor-section elementor-top-section elementor-element elementor-element-48c42b8b elementor-section-stretched elementor-section-boxed elementor-section-height-default elementor-section-height-default\" data-id=\"48c42b8b\" data-element_type=\"section\" data-e-type=\"section\" data-settings=\"{&quot;stretch_section&quot;:&quot;section-stretched&quot;,&quot;background_background&quot;:&quot;classic&quot;,&quot;shape_divider_top&quot;:&quot;mountains&quot;}\">\n\t\t\t\t\t<div class=\"elementor-shape elementor-shape-top\" aria-hidden=\"true\" data-negative=\"false\">\n\t\t\t<svg xmlns=\"http:\/\/www.w3.org\/2000\/svg\" viewbox=\"0 0 1000 100\" preserveaspectratio=\"none\">\n\t<path class=\"elementor-shape-fill\" opacity=\"0.33\" d=\"M473,67.3c-203.9,88.3-263.1-34-320.3,0C66,119.1,0,59.7,0,59.7V0h1000v59.7 c0,0-62.1,26.1-94.9,29.3c-32.8,3.3-62.8-12.3-75.8-22.1C806,49.6,745.3,8.7,694.9,4.7S492.4,59,473,67.3z\"\/>\n\t<path class=\"elementor-shape-fill\" opacity=\"0.66\" d=\"M734,67.3c-45.5,0-77.2-23.2-129.1-39.1c-28.6-8.7-150.3-10.1-254,39.1 s-91.7-34.4-149.2,0C115.7,118.3,0,39.8,0,39.8V0h1000v36.5c0,0-28.2-18.5-92.1-18.5C810.2,18.1,775.7,67.3,734,67.3z\"\/>\n\t<path class=\"elementor-shape-fill\" d=\"M766.1,28.9c-200-57.5-266,65.5-395.1,19.5C242,1.8,242,5.4,184.8,20.6C128,35.8,132.3,44.9,89.9,52.5C28.6,63.7,0,0,0,0 h1000c0,0-9.9,40.9-83.6,48.1S829.6,47,766.1,28.9z\"\/>\n<\/svg>\t\t<\/div>\n\t\t\t\t\t<div class=\"elementor-container elementor-column-gap-default\">\n\t\t\t\t\t<div class=\"elementor-column elementor-col-100 elementor-top-column elementor-element elementor-element-62ad8352\" data-id=\"62ad8352\" data-element_type=\"column\" data-e-type=\"column\">\n\t\t\t<div class=\"elementor-widget-wrap elementor-element-populated\">\n\t\t\t\t\t\t<section class=\"elementor-section elementor-inner-section elementor-element elementor-element-77dc4e5b elementor-section-boxed elementor-section-height-default elementor-section-height-default\" data-id=\"77dc4e5b\" data-element_type=\"section\" data-e-type=\"section\">\n\t\t\t\t\t\t<div class=\"elementor-container elementor-column-gap-default\">\n\t\t\t\t\t<div class=\"elementor-column elementor-col-50 elementor-inner-column elementor-element elementor-element-2b752787\" data-id=\"2b752787\" data-element_type=\"column\" data-e-type=\"column\">\n\t\t\t<div class=\"elementor-widget-wrap elementor-element-populated\">\n\t\t\t\t\t\t<div class=\"elementor-element elementor-element-b5bac49 elementor-widget elementor-widget-heading\" data-id=\"b5bac49\" data-element_type=\"widget\" data-e-type=\"widget\" data-widget_type=\"heading.default\">\n\t\t\t\t<div class=\"elementor-widget-container\">\n\t\t\t\t\t<h2 class=\"elementor-heading-title elementor-size-default\">Do you have any further questions?<\/h2>\t\t\t\t<\/div>\n\t\t\t\t<\/div>\n\t\t\t\t<div class=\"elementor-element elementor-element-6e421d75 elementor-widget elementor-widget-text-editor\" data-id=\"6e421d75\" data-element_type=\"widget\" data-e-type=\"widget\" data-widget_type=\"text-editor.default\">\n\t\t\t\t<div class=\"elementor-widget-container\">\n\t\t\t\t\t\t\t\t\t<p>We will be happy to advise you on all details and invite you to an initial meeting.<\/p>\t\t\t\t\t\t\t\t<\/div>\n\t\t\t\t<\/div>\n\t\t\t\t\t<\/div>\n\t\t<\/div>\n\t\t\t\t<div class=\"elementor-column elementor-col-50 elementor-inner-column elementor-element elementor-element-173bb653\" data-id=\"173bb653\" data-element_type=\"column\" data-e-type=\"column\" data-settings=\"{&quot;background_background&quot;:&quot;classic&quot;}\">\n\t\t\t<div class=\"elementor-widget-wrap elementor-element-populated\">\n\t\t\t\t\t\t<div class=\"elementor-element elementor-element-352bed28 elementor-widget__width-auto elementor-view-default elementor-widget elementor-widget-icon\" data-id=\"352bed28\" data-element_type=\"widget\" data-e-type=\"widget\" data-widget_type=\"icon.default\">\n\t\t\t\t<div class=\"elementor-widget-container\">\n\t\t\t\t\t\t\t<div class=\"elementor-icon-wrapper\">\n\t\t\t<div class=\"elementor-icon\">\n\t\t\t<i aria-hidden=\"true\" class=\"fas fa-phone-alt\"><\/i>\t\t\t<\/div>\n\t\t<\/div>\n\t\t\t\t\t\t<\/div>\n\t\t\t\t<\/div>\n\t\t\t\t<div class=\"elementor-element elementor-element-7a0c7f86 elementor-widget__width-auto elementor-widget elementor-widget-heading\" data-id=\"7a0c7f86\" data-element_type=\"widget\" data-e-type=\"widget\" data-widget_type=\"heading.default\">\n\t\t\t\t<div class=\"elementor-widget-container\">\n\t\t\t\t\t<h2 class=\"elementor-heading-title elementor-size-default\">+43 (0)1 942 07 23<\/h2>\t\t\t\t<\/div>\n\t\t\t\t<\/div>\n\t\t\t\t\t<\/div>\n\t\t<\/div>\n\t\t\t\t\t<\/div>\n\t\t<\/section>\n\t\t\t\t\t<\/div>\n\t\t<\/div>\n\t\t\t\t\t<\/div>\n\t\t<\/section>\n\t\t\t\t<\/div>","protected":false},"excerpt":{"rendered":"<p>Kronen &amp; Br\u00fccken Hochwertiger Zahnersatz aus Keramik Das von uns angewendete Intraoral-Scan-Verfahren erm\u00f6glicht uns die Herstellung eines Keramik Zahnersatzes \u2013 schnell und individuell abgestimmt \u2013 in nur einer Sitzung. Eine 3D-Mundkamera erfasst den gesamten Mundbereich und liefert diese Daten an einen Computer weiter. So wird zeitgleich und direkt am Computerbildschirm der gew\u00fcnschte Zahnersatz geplant. Danach [&hellip;]<\/p>\n","protected":false},"author":2,"featured_media":0,"parent":0,"menu_order":0,"comment_status":"closed","ping_status":"closed","template":"elementor_header_footer","meta":{"footnotes":""},"class_list":["post-129","page","type-page","status-publish","hentry"],"yoast_head":"<!-- This site is optimized with the Yoast SEO plugin v27.6 - https:\/\/yoast.com\/product\/yoast-seo-wordpress\/ -->\n<title>Kronen und Br\u00fccken - Dentalaesthetics - Dr. med. dent. Muhlis Akarsu<\/title>\n<meta name=\"robots\" content=\"index, follow, max-snippet:-1, max-image-preview:large, max-video-preview:-1\" \/>\n<link rel=\"canonical\" href=\"https:\/\/www.dentalaesthetics.at\/en\/kronen-und-bruecken\/\" \/>\n<meta property=\"og:locale\" content=\"en_GB\" \/>\n<meta property=\"og:type\" content=\"article\" \/>\n<meta property=\"og:title\" content=\"Kronen und Br\u00fccken - Dentalaesthetics - Dr. med. dent. Muhlis Akarsu\" \/>\n<meta property=\"og:description\" content=\"Kronen &amp; Br\u00fccken Hochwertiger Zahnersatz aus Keramik Das von uns angewendete Intraoral-Scan-Verfahren erm\u00f6glicht uns die Herstellung eines Keramik Zahnersatzes \u2013 schnell und individuell abgestimmt \u2013 in nur einer Sitzung. Eine 3D-Mundkamera erfasst den gesamten Mundbereich und liefert diese Daten an einen Computer weiter. So wird zeitgleich und direkt am Computerbildschirm der gew\u00fcnschte Zahnersatz geplant. Danach [&hellip;]\" \/>\n<meta property=\"og:url\" content=\"https:\/\/www.dentalaesthetics.at\/en\/kronen-und-bruecken\/\" \/>\n<meta property=\"og:site_name\" content=\"Dentalaesthetics - Dr. med. dent. Muhlis Akarsu\" \/>\n<meta property=\"article:modified_time\" content=\"2020-08-19T11:35:31+00:00\" \/>\n<meta property=\"og:image\" content=\"https:\/\/www.dentalaesthetics.at\/wp-content\/uploads\/2019\/10\/zahnkrone.jpg\" \/>\n<meta name=\"twitter:card\" content=\"summary_large_image\" \/>\n<meta name=\"twitter:label1\" content=\"Estimated reading time\" \/>\n\t<meta name=\"twitter:data1\" content=\"1 minute\" \/>\n<script type=\"application\/ld+json\" class=\"yoast-schema-graph\">{\"@context\":\"https:\\\/\\\/schema.org\",\"@graph\":[{\"@type\":\"WebPage\",\"@id\":\"https:\\\/\\\/www.dentalaesthetics.at\\\/kronen-und-bruecken\\\/\",\"url\":\"https:\\\/\\\/www.dentalaesthetics.at\\\/kronen-und-bruecken\\\/\",\"name\":\"Kronen und Br\u00fccken - Dentalaesthetics - Dr. med. dent. Muhlis Akarsu\",\"isPartOf\":{\"@id\":\"https:\\\/\\\/www.dentalaesthetics.at\\\/#website\"},\"primaryImageOfPage\":{\"@id\":\"https:\\\/\\\/www.dentalaesthetics.at\\\/kronen-und-bruecken\\\/#primaryimage\"},\"image\":{\"@id\":\"https:\\\/\\\/www.dentalaesthetics.at\\\/kronen-und-bruecken\\\/#primaryimage\"},\"thumbnailUrl\":\"https:\\\/\\\/www.dentalaesthetics.at\\\/wp-content\\\/uploads\\\/2019\\\/10\\\/zahnkrone.jpg\",\"datePublished\":\"2019-10-14T09:16:46+00:00\",\"dateModified\":\"2020-08-19T11:35:31+00:00\",\"breadcrumb\":{\"@id\":\"https:\\\/\\\/www.dentalaesthetics.at\\\/kronen-und-bruecken\\\/#breadcrumb\"},\"inLanguage\":\"en-GB\",\"potentialAction\":[{\"@type\":\"ReadAction\",\"target\":[\"https:\\\/\\\/www.dentalaesthetics.at\\\/kronen-und-bruecken\\\/\"]}]},{\"@type\":\"ImageObject\",\"inLanguage\":\"en-GB\",\"@id\":\"https:\\\/\\\/www.dentalaesthetics.at\\\/kronen-und-bruecken\\\/#primaryimage\",\"url\":\"https:\\\/\\\/www.dentalaesthetics.at\\\/wp-content\\\/uploads\\\/2019\\\/10\\\/zahnkrone.jpg\",\"contentUrl\":\"https:\\\/\\\/www.dentalaesthetics.at\\\/wp-content\\\/uploads\\\/2019\\\/10\\\/zahnkrone.jpg\"},{\"@type\":\"BreadcrumbList\",\"@id\":\"https:\\\/\\\/www.dentalaesthetics.at\\\/kronen-und-bruecken\\\/#breadcrumb\",\"itemListElement\":[{\"@type\":\"ListItem\",\"position\":1,\"name\":\"Startseite\",\"item\":\"https:\\\/\\\/www.dentalaesthetics.at\\\/\"},{\"@type\":\"ListItem\",\"position\":2,\"name\":\"Kronen und Br\u00fccken\"}]},{\"@type\":\"WebSite\",\"@id\":\"https:\\\/\\\/www.dentalaesthetics.at\\\/#website\",\"url\":\"https:\\\/\\\/www.dentalaesthetics.at\\\/\",\"name\":\"Dentalaesthetics - Dr. med. dent. Muhlis Akarsu\",\"description\":\"\",\"publisher\":{\"@id\":\"https:\\\/\\\/www.dentalaesthetics.at\\\/#organization\"},\"potentialAction\":[{\"@type\":\"SearchAction\",\"target\":{\"@type\":\"EntryPoint\",\"urlTemplate\":\"https:\\\/\\\/www.dentalaesthetics.at\\\/?s={search_term_string}\"},\"query-input\":{\"@type\":\"PropertyValueSpecification\",\"valueRequired\":true,\"valueName\":\"search_term_string\"}}],\"inLanguage\":\"en-GB\"},{\"@type\":\"Organization\",\"@id\":\"https:\\\/\\\/www.dentalaesthetics.at\\\/#organization\",\"name\":\"Dentalaesthetics - Dr. med. dent. Muhlis Akarsu\",\"url\":\"https:\\\/\\\/www.dentalaesthetics.at\\\/\",\"logo\":{\"@type\":\"ImageObject\",\"inLanguage\":\"en-GB\",\"@id\":\"https:\\\/\\\/www.dentalaesthetics.at\\\/#\\\/schema\\\/logo\\\/image\\\/\",\"url\":\"https:\\\/\\\/www.dentalaesthetics.at\\\/wp-content\\\/uploads\\\/2019\\\/12\\\/logo-n.png\",\"contentUrl\":\"https:\\\/\\\/www.dentalaesthetics.at\\\/wp-content\\\/uploads\\\/2019\\\/12\\\/logo-n.png\",\"width\":350,\"height\":70,\"caption\":\"Dentalaesthetics - Dr. med. dent. Muhlis Akarsu\"},\"image\":{\"@id\":\"https:\\\/\\\/www.dentalaesthetics.at\\\/#\\\/schema\\\/logo\\\/image\\\/\"}}]}<\/script>\n<!-- \/ Yoast SEO plugin. -->","yoast_head_json":{"title":"Kronen und Br\u00fccken - Dentalaesthetics - Dr. med. dent. Muhlis Akarsu","robots":{"index":"index","follow":"follow","max-snippet":"max-snippet:-1","max-image-preview":"max-image-preview:large","max-video-preview":"max-video-preview:-1"},"canonical":"https:\/\/www.dentalaesthetics.at\/en\/kronen-und-bruecken\/","og_locale":"en_GB","og_type":"article","og_title":"Kronen und Br\u00fccken - Dentalaesthetics - Dr. med. dent. Muhlis Akarsu","og_description":"Kronen &amp; Br\u00fccken Hochwertiger Zahnersatz aus Keramik Das von uns angewendete Intraoral-Scan-Verfahren erm\u00f6glicht uns die Herstellung eines Keramik Zahnersatzes \u2013 schnell und individuell abgestimmt \u2013 in nur einer Sitzung. Eine 3D-Mundkamera erfasst den gesamten Mundbereich und liefert diese Daten an einen Computer weiter. So wird zeitgleich und direkt am Computerbildschirm der gew\u00fcnschte Zahnersatz geplant. Danach [&hellip;]","og_url":"https:\/\/www.dentalaesthetics.at\/en\/kronen-und-bruecken\/","og_site_name":"Dentalaesthetics - Dr. med. dent. Muhlis Akarsu","article_modified_time":"2020-08-19T11:35:31+00:00","og_image":[{"url":"https:\/\/www.dentalaesthetics.at\/wp-content\/uploads\/2019\/10\/zahnkrone.jpg","type":"","width":"","height":""}],"twitter_card":"summary_large_image","twitter_misc":{"Estimated reading time":"1 minute"},"schema":{"@context":"https:\/\/schema.org","@graph":[{"@type":"WebPage","@id":"https:\/\/www.dentalaesthetics.at\/kronen-und-bruecken\/","url":"https:\/\/www.dentalaesthetics.at\/kronen-und-bruecken\/","name":"Kronen und Br\u00fccken - Dentalaesthetics - Dr. med. dent. Muhlis Akarsu","isPartOf":{"@id":"https:\/\/www.dentalaesthetics.at\/#website"},"primaryImageOfPage":{"@id":"https:\/\/www.dentalaesthetics.at\/kronen-und-bruecken\/#primaryimage"},"image":{"@id":"https:\/\/www.dentalaesthetics.at\/kronen-und-bruecken\/#primaryimage"},"thumbnailUrl":"https:\/\/www.dentalaesthetics.at\/wp-content\/uploads\/2019\/10\/zahnkrone.jpg","datePublished":"2019-10-14T09:16:46+00:00","dateModified":"2020-08-19T11:35:31+00:00","breadcrumb":{"@id":"https:\/\/www.dentalaesthetics.at\/kronen-und-bruecken\/#breadcrumb"},"inLanguage":"en-GB","potentialAction":[{"@type":"ReadAction","target":["https:\/\/www.dentalaesthetics.at\/kronen-und-bruecken\/"]}]},{"@type":"ImageObject","inLanguage":"en-GB","@id":"https:\/\/www.dentalaesthetics.at\/kronen-und-bruecken\/#primaryimage","url":"https:\/\/www.dentalaesthetics.at\/wp-content\/uploads\/2019\/10\/zahnkrone.jpg","contentUrl":"https:\/\/www.dentalaesthetics.at\/wp-content\/uploads\/2019\/10\/zahnkrone.jpg"},{"@type":"BreadcrumbList","@id":"https:\/\/www.dentalaesthetics.at\/kronen-und-bruecken\/#breadcrumb","itemListElement":[{"@type":"ListItem","position":1,"name":"Startseite","item":"https:\/\/www.dentalaesthetics.at\/"},{"@type":"ListItem","position":2,"name":"Kronen und Br\u00fccken"}]},{"@type":"WebSite","@id":"https:\/\/www.dentalaesthetics.at\/#website","url":"https:\/\/www.dentalaesthetics.at\/","name":"Dentalaesthetics - Dr. med. dent. Muhlis Akarsu","description":"","publisher":{"@id":"https:\/\/www.dentalaesthetics.at\/#organization"},"potentialAction":[{"@type":"SearchAction","target":{"@type":"EntryPoint","urlTemplate":"https:\/\/www.dentalaesthetics.at\/?s={search_term_string}"},"query-input":{"@type":"PropertyValueSpecification","valueRequired":true,"valueName":"search_term_string"}}],"inLanguage":"en-GB"},{"@type":"Organization","@id":"https:\/\/www.dentalaesthetics.at\/#organization","name":"Dentalaesthetics - Dr. med. dent. Muhlis Akarsu","url":"https:\/\/www.dentalaesthetics.at\/","logo":{"@type":"ImageObject","inLanguage":"en-GB","@id":"https:\/\/www.dentalaesthetics.at\/#\/schema\/logo\/image\/","url":"https:\/\/www.dentalaesthetics.at\/wp-content\/uploads\/2019\/12\/logo-n.png","contentUrl":"https:\/\/www.dentalaesthetics.at\/wp-content\/uploads\/2019\/12\/logo-n.png","width":350,"height":70,"caption":"Dentalaesthetics - Dr. med. dent. Muhlis Akarsu"},"image":{"@id":"https:\/\/www.dentalaesthetics.at\/#\/schema\/logo\/image\/"}}]}},"_links":{"self":[{"href":"https:\/\/www.dentalaesthetics.at\/en\/wp-json\/wp\/v2\/pages\/129","targetHints":{"allow":["GET"]}}],"collection":[{"href":"https:\/\/www.dentalaesthetics.at\/en\/wp-json\/wp\/v2\/pages"}],"about":[{"href":"https:\/\/www.dentalaesthetics.at\/en\/wp-json\/wp\/v2\/types\/page"}],"author":[{"embeddable":true,"href":"https:\/\/www.dentalaesthetics.at\/en\/wp-json\/wp\/v2\/users\/2"}],"replies":[{"embeddable":true,"href":"https:\/\/www.dentalaesthetics.at\/en\/wp-json\/wp\/v2\/comments?post=129"}],"version-history":[{"count":7,"href":"https:\/\/www.dentalaesthetics.at\/en\/wp-json\/wp\/v2\/pages\/129\/revisions"}],"predecessor-version":[{"id":489,"href":"https:\/\/www.dentalaesthetics.at\/en\/wp-json\/wp\/v2\/pages\/129\/revisions\/489"}],"wp:attachment":[{"href":"https:\/\/www.dentalaesthetics.at\/en\/wp-json\/wp\/v2\/media?parent=129"}],"curies":[{"name":"wp","href":"https:\/\/api.w.org\/{rel}","templated":true}]}}