{"id":131,"date":"2019-10-14T11:17:53","date_gmt":"2019-10-14T09:17:53","guid":{"rendered":"https:\/\/www.dentalaesthetics.at\/?page_id=131"},"modified":"2020-08-24T10:12:45","modified_gmt":"2020-08-24T08:12:45","slug":"wurzelkanalbehandlung","status":"publish","type":"page","link":"https:\/\/www.dentalaesthetics.at\/en\/wurzelkanalbehandlung\/","title":{"rendered":"Root canal therapy"},"content":{"rendered":"<div data-elementor-type=\"wp-page\" data-elementor-id=\"131\" class=\"elementor elementor-131\" data-elementor-post-type=\"page\">\n\t\t\t\t\t\t<section class=\"elementor-section elementor-top-section elementor-element elementor-element-2840483c elementor-section-boxed elementor-section-height-default elementor-section-height-default\" data-id=\"2840483c\" data-element_type=\"section\" data-e-type=\"section\">\n\t\t\t\t\t\t<div class=\"elementor-container elementor-column-gap-default\">\n\t\t\t\t\t<div class=\"elementor-column elementor-col-100 elementor-top-column elementor-element elementor-element-24ecc86c\" data-id=\"24ecc86c\" data-element_type=\"column\" data-e-type=\"column\">\n\t\t\t<div class=\"elementor-widget-wrap elementor-element-populated\">\n\t\t\t\t\t\t<section class=\"elementor-section elementor-inner-section elementor-element elementor-element-843d5d8 elementor-section-boxed elementor-section-height-default elementor-section-height-default\" data-id=\"843d5d8\" data-element_type=\"section\" data-e-type=\"section\">\n\t\t\t\t\t\t<div class=\"elementor-container elementor-column-gap-default\">\n\t\t\t\t\t<div class=\"elementor-column elementor-col-50 elementor-inner-column elementor-element elementor-element-4c63b05d\" data-id=\"4c63b05d\" data-element_type=\"column\" data-e-type=\"column\">\n\t\t\t<div class=\"elementor-widget-wrap elementor-element-populated\">\n\t\t\t\t\t\t<div class=\"elementor-element elementor-element-54675f0f elementor-widget elementor-widget-heading\" data-id=\"54675f0f\" data-element_type=\"widget\" data-e-type=\"widget\" data-widget_type=\"heading.default\">\n\t\t\t\t<div class=\"elementor-widget-container\">\n\t\t\t\t\t<h2 class=\"elementor-heading-title elementor-size-default\">Root canal therapy<\/h2>\t\t\t\t<\/div>\n\t\t\t\t<\/div>\n\t\t\t\t<div class=\"elementor-element elementor-element-14fbf9f4 elementor-widget-divider--view-line elementor-widget elementor-widget-divider\" data-id=\"14fbf9f4\" data-element_type=\"widget\" data-e-type=\"widget\" data-widget_type=\"divider.default\">\n\t\t\t\t<div class=\"elementor-widget-container\">\n\t\t\t\t\t\t\t<div class=\"elementor-divider\">\n\t\t\t<span class=\"elementor-divider-separator\">\n\t\t\t\t\t\t<\/span>\n\t\t<\/div>\n\t\t\t\t\t\t<\/div>\n\t\t\t\t<\/div>\n\t\t\t\t<div class=\"elementor-element elementor-element-0b63bc0 elementor-widget elementor-widget-text-editor\" data-id=\"0b63bc0\" data-element_type=\"widget\" data-e-type=\"widget\" data-widget_type=\"text-editor.default\">\n\t\t\t\t<div class=\"elementor-widget-container\">\n\t\t\t\t\t\t\t\t\t<p>Our ultimate goal in root canal treatment is to preserve our patient's own tooth. With the help of our high-quality equipment we try to preserve your natural tooth by all means. The root canal treatment is carried out with a microscope, so every little detail is visible. The use of this high-quality microscope increases the success rate for the preservation of your own tooth.&nbsp;<\/p>\n<p>Modern root canal treatment differs from the conventional treatment method in the use of a rubber dam, operating microscope, mechanical root canal preparation with flexible disposable files, endometric length determination, cleaning by means of special rinsing solutions using sound activation and warm root filling technique in order to seal the complex canal system three-dimensionally.<\/p>\t\t\t\t\t\t\t\t<\/div>\n\t\t\t\t<\/div>\n\t\t\t\t\t<\/div>\n\t\t<\/div>\n\t\t\t\t<div class=\"elementor-column elementor-col-50 elementor-inner-column elementor-element elementor-element-2c287e8\" data-id=\"2c287e8\" data-element_type=\"column\" data-e-type=\"column\">\n\t\t\t<div class=\"elementor-widget-wrap elementor-element-populated\">\n\t\t\t\t\t\t<div class=\"elementor-element elementor-element-26e22df0 elementor-widget elementor-widget-image\" data-id=\"26e22df0\" data-element_type=\"widget\" data-e-type=\"widget\" data-widget_type=\"image.default\">\n\t\t\t\t<div class=\"elementor-widget-container\">\n\t\t\t\t\t\t\t\t\t\t\t\t\t\t\t<img fetchpriority=\"high\" decoding=\"async\" width=\"600\" height=\"456\" src=\"https:\/\/www.dentalaesthetics.at\/wp-content\/uploads\/2019\/10\/mikroskop-wurzelkanal.jpg\" class=\"attachment-large size-large wp-image-99\" alt=\"Wurzelkanalbehandlung unter dem Mikroskop\" srcset=\"https:\/\/www.dentalaesthetics.at\/wp-content\/uploads\/2019\/10\/mikroskop-wurzelkanal.jpg 600w, https:\/\/www.dentalaesthetics.at\/wp-content\/uploads\/2019\/10\/mikroskop-wurzelkanal-300x228.jpg 300w\" sizes=\"(max-width: 600px) 100vw, 600px\" \/>\t\t\t\t\t\t\t\t\t\t\t\t\t\t\t<\/div>\n\t\t\t\t<\/div>\n\t\t\t\t\t<\/div>\n\t\t<\/div>\n\t\t\t\t\t<\/div>\n\t\t<\/section>\n\t\t\t\t\t<\/div>\n\t\t<\/div>\n\t\t\t\t\t<\/div>\n\t\t<\/section>\n\t\t\t\t<section class=\"elementor-section elementor-top-section elementor-element elementor-element-f1ade63 elementor-section-stretched elementor-section-boxed elementor-section-height-default elementor-section-height-default\" data-id=\"f1ade63\" data-element_type=\"section\" data-e-type=\"section\" data-settings=\"{&quot;stretch_section&quot;:&quot;section-stretched&quot;,&quot;background_background&quot;:&quot;classic&quot;,&quot;shape_divider_top&quot;:&quot;mountains&quot;}\">\n\t\t\t\t\t<div class=\"elementor-shape elementor-shape-top\" aria-hidden=\"true\" data-negative=\"false\">\n\t\t\t<svg xmlns=\"http:\/\/www.w3.org\/2000\/svg\" viewbox=\"0 0 1000 100\" preserveaspectratio=\"none\">\n\t<path class=\"elementor-shape-fill\" opacity=\"0.33\" d=\"M473,67.3c-203.9,88.3-263.1-34-320.3,0C66,119.1,0,59.7,0,59.7V0h1000v59.7 c0,0-62.1,26.1-94.9,29.3c-32.8,3.3-62.8-12.3-75.8-22.1C806,49.6,745.3,8.7,694.9,4.7S492.4,59,473,67.3z\"\/>\n\t<path class=\"elementor-shape-fill\" opacity=\"0.66\" d=\"M734,67.3c-45.5,0-77.2-23.2-129.1-39.1c-28.6-8.7-150.3-10.1-254,39.1 s-91.7-34.4-149.2,0C115.7,118.3,0,39.8,0,39.8V0h1000v36.5c0,0-28.2-18.5-92.1-18.5C810.2,18.1,775.7,67.3,734,67.3z\"\/>\n\t<path class=\"elementor-shape-fill\" d=\"M766.1,28.9c-200-57.5-266,65.5-395.1,19.5C242,1.8,242,5.4,184.8,20.6C128,35.8,132.3,44.9,89.9,52.5C28.6,63.7,0,0,0,0 h1000c0,0-9.9,40.9-83.6,48.1S829.6,47,766.1,28.9z\"\/>\n<\/svg>\t\t<\/div>\n\t\t\t\t\t<div class=\"elementor-container elementor-column-gap-default\">\n\t\t\t\t\t<div class=\"elementor-column elementor-col-100 elementor-top-column elementor-element elementor-element-78fe5794\" data-id=\"78fe5794\" data-element_type=\"column\" data-e-type=\"column\">\n\t\t\t<div class=\"elementor-widget-wrap elementor-element-populated\">\n\t\t\t\t\t\t<section class=\"elementor-section elementor-inner-section elementor-element elementor-element-75747d89 elementor-section-boxed elementor-section-height-default elementor-section-height-default\" data-id=\"75747d89\" data-element_type=\"section\" data-e-type=\"section\">\n\t\t\t\t\t\t<div class=\"elementor-container elementor-column-gap-default\">\n\t\t\t\t\t<div class=\"elementor-column elementor-col-50 elementor-inner-column elementor-element elementor-element-52a3df63\" data-id=\"52a3df63\" data-element_type=\"column\" data-e-type=\"column\">\n\t\t\t<div class=\"elementor-widget-wrap elementor-element-populated\">\n\t\t\t\t\t\t<div class=\"elementor-element elementor-element-1437bcc2 elementor-widget elementor-widget-heading\" data-id=\"1437bcc2\" data-element_type=\"widget\" data-e-type=\"widget\" data-widget_type=\"heading.default\">\n\t\t\t\t<div class=\"elementor-widget-container\">\n\t\t\t\t\t<h2 class=\"elementor-heading-title elementor-size-default\">Do you have any further questions?<\/h2>\t\t\t\t<\/div>\n\t\t\t\t<\/div>\n\t\t\t\t<div class=\"elementor-element elementor-element-1ae56ae6 elementor-widget elementor-widget-text-editor\" data-id=\"1ae56ae6\" data-element_type=\"widget\" data-e-type=\"widget\" data-widget_type=\"text-editor.default\">\n\t\t\t\t<div class=\"elementor-widget-container\">\n\t\t\t\t\t\t\t\t\t<p>We will be happy to advise you on all details and invite you to an initial meeting.<\/p>\t\t\t\t\t\t\t\t<\/div>\n\t\t\t\t<\/div>\n\t\t\t\t\t<\/div>\n\t\t<\/div>\n\t\t\t\t<div class=\"elementor-column elementor-col-50 elementor-inner-column elementor-element elementor-element-3d8c2bab\" data-id=\"3d8c2bab\" data-element_type=\"column\" data-e-type=\"column\" data-settings=\"{&quot;background_background&quot;:&quot;classic&quot;}\">\n\t\t\t<div class=\"elementor-widget-wrap elementor-element-populated\">\n\t\t\t\t\t\t<div class=\"elementor-element elementor-element-2a6a882b elementor-widget__width-auto elementor-view-default elementor-widget elementor-widget-icon\" data-id=\"2a6a882b\" data-element_type=\"widget\" data-e-type=\"widget\" data-widget_type=\"icon.default\">\n\t\t\t\t<div class=\"elementor-widget-container\">\n\t\t\t\t\t\t\t<div class=\"elementor-icon-wrapper\">\n\t\t\t<div class=\"elementor-icon\">\n\t\t\t<i aria-hidden=\"true\" class=\"fas fa-phone-alt\"><\/i>\t\t\t<\/div>\n\t\t<\/div>\n\t\t\t\t\t\t<\/div>\n\t\t\t\t<\/div>\n\t\t\t\t<div class=\"elementor-element elementor-element-702ed353 elementor-widget__width-auto elementor-widget elementor-widget-heading\" data-id=\"702ed353\" data-element_type=\"widget\" data-e-type=\"widget\" data-widget_type=\"heading.default\">\n\t\t\t\t<div class=\"elementor-widget-container\">\n\t\t\t\t\t<h2 class=\"elementor-heading-title elementor-size-default\">+43 (0)1 942 07 23<\/h2>\t\t\t\t<\/div>\n\t\t\t\t<\/div>\n\t\t\t\t\t<\/div>\n\t\t<\/div>\n\t\t\t\t\t<\/div>\n\t\t<\/section>\n\t\t\t\t\t<\/div>\n\t\t<\/div>\n\t\t\t\t\t<\/div>\n\t\t<\/section>\n\t\t\t\t<\/div>","protected":false},"excerpt":{"rendered":"<p>Wurzelkanalbehandlung Unser oberstes Ziel bei der Wurzelkanalbehandlung ist es, unserem Patienten seinen eigenen Zahn zu erhalten. Wir versuchen mit allen Mitteln anhand unserer hochwertigen Ausstattung Ihnen Ihren nat\u00fcrlichen Zahn zu bewahren. Die Wurzelkanalbehandlung wird mit einem Mikroskop durchgef\u00fchrt, dadurch scheint jedes kleinste Detail auf. Der Einsatz dieses hochwertigen Mikroskops erh\u00f6ht die Erfolgsrate f\u00fcr die Erhaltung [&hellip;]<\/p>\n","protected":false},"author":2,"featured_media":0,"parent":0,"menu_order":0,"comment_status":"closed","ping_status":"closed","template":"elementor_header_footer","meta":{"footnotes":""},"class_list":["post-131","page","type-page","status-publish","hentry"],"yoast_head":"<!-- This site is optimized with the Yoast SEO plugin v27.3 - https:\/\/yoast.com\/product\/yoast-seo-wordpress\/ -->\n<title>Wurzelkanalbehandlung - Dentalaesthetics - Dr. med. dent. Muhlis Akarsu<\/title>\n<meta name=\"robots\" content=\"index, follow, max-snippet:-1, max-image-preview:large, max-video-preview:-1\" \/>\n<link rel=\"canonical\" href=\"https:\/\/www.dentalaesthetics.at\/en\/wurzelkanalbehandlung\/\" \/>\n<meta property=\"og:locale\" content=\"en_GB\" \/>\n<meta property=\"og:type\" content=\"article\" \/>\n<meta property=\"og:title\" content=\"Wurzelkanalbehandlung - Dentalaesthetics - Dr. med. dent. Muhlis Akarsu\" \/>\n<meta property=\"og:description\" content=\"Wurzelkanalbehandlung Unser oberstes Ziel bei der Wurzelkanalbehandlung ist es, unserem Patienten seinen eigenen Zahn zu erhalten. Wir versuchen mit allen Mitteln anhand unserer hochwertigen Ausstattung Ihnen Ihren nat\u00fcrlichen Zahn zu bewahren. Die Wurzelkanalbehandlung wird mit einem Mikroskop durchgef\u00fchrt, dadurch scheint jedes kleinste Detail auf. Der Einsatz dieses hochwertigen Mikroskops erh\u00f6ht die Erfolgsrate f\u00fcr die Erhaltung [&hellip;]\" \/>\n<meta property=\"og:url\" content=\"https:\/\/www.dentalaesthetics.at\/en\/wurzelkanalbehandlung\/\" \/>\n<meta property=\"og:site_name\" content=\"Dentalaesthetics - Dr. med. dent. Muhlis Akarsu\" \/>\n<meta property=\"article:modified_time\" content=\"2020-08-24T08:12:45+00:00\" \/>\n<meta property=\"og:image\" content=\"https:\/\/www.dentalaesthetics.at\/wp-content\/uploads\/2019\/10\/mikroskop-wurzelkanal.jpg\" \/>\n<meta name=\"twitter:card\" content=\"summary_large_image\" \/>\n<meta name=\"twitter:label1\" content=\"Estimated reading time\" \/>\n\t<meta name=\"twitter:data1\" content=\"1 minute\" \/>\n<script type=\"application\/ld+json\" class=\"yoast-schema-graph\">{\"@context\":\"https:\\\/\\\/schema.org\",\"@graph\":[{\"@type\":\"WebPage\",\"@id\":\"https:\\\/\\\/www.dentalaesthetics.at\\\/wurzelkanalbehandlung\\\/\",\"url\":\"https:\\\/\\\/www.dentalaesthetics.at\\\/wurzelkanalbehandlung\\\/\",\"name\":\"Wurzelkanalbehandlung - Dentalaesthetics - Dr. med. dent. Muhlis Akarsu\",\"isPartOf\":{\"@id\":\"https:\\\/\\\/www.dentalaesthetics.at\\\/#website\"},\"primaryImageOfPage\":{\"@id\":\"https:\\\/\\\/www.dentalaesthetics.at\\\/wurzelkanalbehandlung\\\/#primaryimage\"},\"image\":{\"@id\":\"https:\\\/\\\/www.dentalaesthetics.at\\\/wurzelkanalbehandlung\\\/#primaryimage\"},\"thumbnailUrl\":\"https:\\\/\\\/www.dentalaesthetics.at\\\/wp-content\\\/uploads\\\/2019\\\/10\\\/mikroskop-wurzelkanal.jpg\",\"datePublished\":\"2019-10-14T09:17:53+00:00\",\"dateModified\":\"2020-08-24T08:12:45+00:00\",\"breadcrumb\":{\"@id\":\"https:\\\/\\\/www.dentalaesthetics.at\\\/wurzelkanalbehandlung\\\/#breadcrumb\"},\"inLanguage\":\"en-GB\",\"potentialAction\":[{\"@type\":\"ReadAction\",\"target\":[\"https:\\\/\\\/www.dentalaesthetics.at\\\/wurzelkanalbehandlung\\\/\"]}]},{\"@type\":\"ImageObject\",\"inLanguage\":\"en-GB\",\"@id\":\"https:\\\/\\\/www.dentalaesthetics.at\\\/wurzelkanalbehandlung\\\/#primaryimage\",\"url\":\"https:\\\/\\\/www.dentalaesthetics.at\\\/wp-content\\\/uploads\\\/2019\\\/10\\\/mikroskop-wurzelkanal.jpg\",\"contentUrl\":\"https:\\\/\\\/www.dentalaesthetics.at\\\/wp-content\\\/uploads\\\/2019\\\/10\\\/mikroskop-wurzelkanal.jpg\"},{\"@type\":\"BreadcrumbList\",\"@id\":\"https:\\\/\\\/www.dentalaesthetics.at\\\/wurzelkanalbehandlung\\\/#breadcrumb\",\"itemListElement\":[{\"@type\":\"ListItem\",\"position\":1,\"name\":\"Startseite\",\"item\":\"https:\\\/\\\/www.dentalaesthetics.at\\\/\"},{\"@type\":\"ListItem\",\"position\":2,\"name\":\"Wurzelkanalbehandlung\"}]},{\"@type\":\"WebSite\",\"@id\":\"https:\\\/\\\/www.dentalaesthetics.at\\\/#website\",\"url\":\"https:\\\/\\\/www.dentalaesthetics.at\\\/\",\"name\":\"Dentalaesthetics - Dr. med. dent. Muhlis Akarsu\",\"description\":\"\",\"publisher\":{\"@id\":\"https:\\\/\\\/www.dentalaesthetics.at\\\/#organization\"},\"potentialAction\":[{\"@type\":\"SearchAction\",\"target\":{\"@type\":\"EntryPoint\",\"urlTemplate\":\"https:\\\/\\\/www.dentalaesthetics.at\\\/?s={search_term_string}\"},\"query-input\":{\"@type\":\"PropertyValueSpecification\",\"valueRequired\":true,\"valueName\":\"search_term_string\"}}],\"inLanguage\":\"en-GB\"},{\"@type\":\"Organization\",\"@id\":\"https:\\\/\\\/www.dentalaesthetics.at\\\/#organization\",\"name\":\"Dentalaesthetics - Dr. med. dent. Muhlis Akarsu\",\"url\":\"https:\\\/\\\/www.dentalaesthetics.at\\\/\",\"logo\":{\"@type\":\"ImageObject\",\"inLanguage\":\"en-GB\",\"@id\":\"https:\\\/\\\/www.dentalaesthetics.at\\\/#\\\/schema\\\/logo\\\/image\\\/\",\"url\":\"https:\\\/\\\/www.dentalaesthetics.at\\\/wp-content\\\/uploads\\\/2019\\\/12\\\/logo-n.png\",\"contentUrl\":\"https:\\\/\\\/www.dentalaesthetics.at\\\/wp-content\\\/uploads\\\/2019\\\/12\\\/logo-n.png\",\"width\":350,\"height\":70,\"caption\":\"Dentalaesthetics - Dr. med. dent. Muhlis Akarsu\"},\"image\":{\"@id\":\"https:\\\/\\\/www.dentalaesthetics.at\\\/#\\\/schema\\\/logo\\\/image\\\/\"}}]}<\/script>\n<!-- \/ Yoast SEO plugin. -->","yoast_head_json":{"title":"Wurzelkanalbehandlung - Dentalaesthetics - Dr. med. dent. Muhlis Akarsu","robots":{"index":"index","follow":"follow","max-snippet":"max-snippet:-1","max-image-preview":"max-image-preview:large","max-video-preview":"max-video-preview:-1"},"canonical":"https:\/\/www.dentalaesthetics.at\/en\/wurzelkanalbehandlung\/","og_locale":"en_GB","og_type":"article","og_title":"Wurzelkanalbehandlung - Dentalaesthetics - Dr. med. dent. Muhlis Akarsu","og_description":"Wurzelkanalbehandlung Unser oberstes Ziel bei der Wurzelkanalbehandlung ist es, unserem Patienten seinen eigenen Zahn zu erhalten. Wir versuchen mit allen Mitteln anhand unserer hochwertigen Ausstattung Ihnen Ihren nat\u00fcrlichen Zahn zu bewahren. Die Wurzelkanalbehandlung wird mit einem Mikroskop durchgef\u00fchrt, dadurch scheint jedes kleinste Detail auf. Der Einsatz dieses hochwertigen Mikroskops erh\u00f6ht die Erfolgsrate f\u00fcr die Erhaltung [&hellip;]","og_url":"https:\/\/www.dentalaesthetics.at\/en\/wurzelkanalbehandlung\/","og_site_name":"Dentalaesthetics - Dr. med. dent. Muhlis Akarsu","article_modified_time":"2020-08-24T08:12:45+00:00","og_image":[{"url":"https:\/\/www.dentalaesthetics.at\/wp-content\/uploads\/2019\/10\/mikroskop-wurzelkanal.jpg","type":"","width":"","height":""}],"twitter_card":"summary_large_image","twitter_misc":{"Estimated reading time":"1 minute"},"schema":{"@context":"https:\/\/schema.org","@graph":[{"@type":"WebPage","@id":"https:\/\/www.dentalaesthetics.at\/wurzelkanalbehandlung\/","url":"https:\/\/www.dentalaesthetics.at\/wurzelkanalbehandlung\/","name":"Wurzelkanalbehandlung - Dentalaesthetics - Dr. med. dent. Muhlis Akarsu","isPartOf":{"@id":"https:\/\/www.dentalaesthetics.at\/#website"},"primaryImageOfPage":{"@id":"https:\/\/www.dentalaesthetics.at\/wurzelkanalbehandlung\/#primaryimage"},"image":{"@id":"https:\/\/www.dentalaesthetics.at\/wurzelkanalbehandlung\/#primaryimage"},"thumbnailUrl":"https:\/\/www.dentalaesthetics.at\/wp-content\/uploads\/2019\/10\/mikroskop-wurzelkanal.jpg","datePublished":"2019-10-14T09:17:53+00:00","dateModified":"2020-08-24T08:12:45+00:00","breadcrumb":{"@id":"https:\/\/www.dentalaesthetics.at\/wurzelkanalbehandlung\/#breadcrumb"},"inLanguage":"en-GB","potentialAction":[{"@type":"ReadAction","target":["https:\/\/www.dentalaesthetics.at\/wurzelkanalbehandlung\/"]}]},{"@type":"ImageObject","inLanguage":"en-GB","@id":"https:\/\/www.dentalaesthetics.at\/wurzelkanalbehandlung\/#primaryimage","url":"https:\/\/www.dentalaesthetics.at\/wp-content\/uploads\/2019\/10\/mikroskop-wurzelkanal.jpg","contentUrl":"https:\/\/www.dentalaesthetics.at\/wp-content\/uploads\/2019\/10\/mikroskop-wurzelkanal.jpg"},{"@type":"BreadcrumbList","@id":"https:\/\/www.dentalaesthetics.at\/wurzelkanalbehandlung\/#breadcrumb","itemListElement":[{"@type":"ListItem","position":1,"name":"Startseite","item":"https:\/\/www.dentalaesthetics.at\/"},{"@type":"ListItem","position":2,"name":"Wurzelkanalbehandlung"}]},{"@type":"WebSite","@id":"https:\/\/www.dentalaesthetics.at\/#website","url":"https:\/\/www.dentalaesthetics.at\/","name":"Dentalaesthetics - Dr. med. dent. Muhlis Akarsu","description":"","publisher":{"@id":"https:\/\/www.dentalaesthetics.at\/#organization"},"potentialAction":[{"@type":"SearchAction","target":{"@type":"EntryPoint","urlTemplate":"https:\/\/www.dentalaesthetics.at\/?s={search_term_string}"},"query-input":{"@type":"PropertyValueSpecification","valueRequired":true,"valueName":"search_term_string"}}],"inLanguage":"en-GB"},{"@type":"Organization","@id":"https:\/\/www.dentalaesthetics.at\/#organization","name":"Dentalaesthetics - Dr. med. dent. Muhlis Akarsu","url":"https:\/\/www.dentalaesthetics.at\/","logo":{"@type":"ImageObject","inLanguage":"en-GB","@id":"https:\/\/www.dentalaesthetics.at\/#\/schema\/logo\/image\/","url":"https:\/\/www.dentalaesthetics.at\/wp-content\/uploads\/2019\/12\/logo-n.png","contentUrl":"https:\/\/www.dentalaesthetics.at\/wp-content\/uploads\/2019\/12\/logo-n.png","width":350,"height":70,"caption":"Dentalaesthetics - Dr. med. dent. Muhlis Akarsu"},"image":{"@id":"https:\/\/www.dentalaesthetics.at\/#\/schema\/logo\/image\/"}}]}},"_links":{"self":[{"href":"https:\/\/www.dentalaesthetics.at\/en\/wp-json\/wp\/v2\/pages\/131","targetHints":{"allow":["GET"]}}],"collection":[{"href":"https:\/\/www.dentalaesthetics.at\/en\/wp-json\/wp\/v2\/pages"}],"about":[{"href":"https:\/\/www.dentalaesthetics.at\/en\/wp-json\/wp\/v2\/types\/page"}],"author":[{"embeddable":true,"href":"https:\/\/www.dentalaesthetics.at\/en\/wp-json\/wp\/v2\/users\/2"}],"replies":[{"embeddable":true,"href":"https:\/\/www.dentalaesthetics.at\/en\/wp-json\/wp\/v2\/comments?post=131"}],"version-history":[{"count":6,"href":"https:\/\/www.dentalaesthetics.at\/en\/wp-json\/wp\/v2\/pages\/131\/revisions"}],"predecessor-version":[{"id":513,"href":"https:\/\/www.dentalaesthetics.at\/en\/wp-json\/wp\/v2\/pages\/131\/revisions\/513"}],"wp:attachment":[{"href":"https:\/\/www.dentalaesthetics.at\/en\/wp-json\/wp\/v2\/media?parent=131"}],"curies":[{"name":"wp","href":"https:\/\/api.w.org\/{rel}","templated":true}]}}