{"id":135,"date":"2019-10-14T11:18:25","date_gmt":"2019-10-14T09:18:25","guid":{"rendered":"https:\/\/www.dentalaesthetics.at\/?page_id=135"},"modified":"2020-08-19T13:23:04","modified_gmt":"2020-08-19T11:23:04","slug":"bleaching","status":"publish","type":"page","link":"https:\/\/www.dentalaesthetics.at\/en\/bleaching\/","title":{"rendered":"Bleaching"},"content":{"rendered":"<div data-elementor-type=\"wp-page\" data-elementor-id=\"135\" class=\"elementor elementor-135\" data-elementor-post-type=\"page\">\n\t\t\t\t\t\t<section class=\"elementor-section elementor-top-section elementor-element elementor-element-4a97fd93 elementor-section-boxed elementor-section-height-default elementor-section-height-default\" data-id=\"4a97fd93\" data-element_type=\"section\" data-e-type=\"section\">\n\t\t\t\t\t\t<div class=\"elementor-container elementor-column-gap-default\">\n\t\t\t\t\t<div class=\"elementor-column elementor-col-100 elementor-top-column elementor-element elementor-element-67558710\" data-id=\"67558710\" data-element_type=\"column\" data-e-type=\"column\">\n\t\t\t<div class=\"elementor-widget-wrap elementor-element-populated\">\n\t\t\t\t\t\t<section class=\"elementor-section elementor-inner-section elementor-element elementor-element-1a7128cb elementor-section-boxed elementor-section-height-default elementor-section-height-default\" data-id=\"1a7128cb\" data-element_type=\"section\" data-e-type=\"section\">\n\t\t\t\t\t\t<div class=\"elementor-container elementor-column-gap-default\">\n\t\t\t\t\t<div class=\"elementor-column elementor-col-50 elementor-inner-column elementor-element elementor-element-7e7d1fd7\" data-id=\"7e7d1fd7\" data-element_type=\"column\" data-e-type=\"column\">\n\t\t\t<div class=\"elementor-widget-wrap elementor-element-populated\">\n\t\t\t\t\t\t<div class=\"elementor-element elementor-element-294e16e0 elementor-widget elementor-widget-heading\" data-id=\"294e16e0\" data-element_type=\"widget\" data-e-type=\"widget\" data-widget_type=\"heading.default\">\n\t\t\t\t<div class=\"elementor-widget-container\">\n\t\t\t\t\t<h2 class=\"elementor-heading-title elementor-size-default\">BLEACHING<\/h2>\t\t\t\t<\/div>\n\t\t\t\t<\/div>\n\t\t\t\t<div class=\"elementor-element elementor-element-3f71bcf8 elementor-widget-divider--view-line elementor-widget elementor-widget-divider\" data-id=\"3f71bcf8\" data-element_type=\"widget\" data-e-type=\"widget\" data-widget_type=\"divider.default\">\n\t\t\t\t<div class=\"elementor-widget-container\">\n\t\t\t\t\t\t\t<div class=\"elementor-divider\">\n\t\t\t<span class=\"elementor-divider-separator\">\n\t\t\t\t\t\t<\/span>\n\t\t<\/div>\n\t\t\t\t\t\t<\/div>\n\t\t\t\t<\/div>\n\t\t\t\t<div class=\"elementor-element elementor-element-61558462 elementor-widget elementor-widget-text-editor\" data-id=\"61558462\" data-element_type=\"widget\" data-e-type=\"widget\" data-widget_type=\"text-editor.default\">\n\t\t\t\t<div class=\"elementor-widget-container\">\n\t\t\t\t\t\t\t\t\t<p>Tooth discoloration can have different causes and these should be determined by the dentist.<\/p>\t\t\t\t\t\t\t\t<\/div>\n\t\t\t\t<\/div>\n\t\t\t\t<div class=\"elementor-element elementor-element-4bfe120 elementor-icon-list--layout-traditional elementor-list-item-link-full_width elementor-widget elementor-widget-icon-list\" data-id=\"4bfe120\" data-element_type=\"widget\" data-e-type=\"widget\" data-widget_type=\"icon-list.default\">\n\t\t\t\t<div class=\"elementor-widget-container\">\n\t\t\t\t\t\t\t<ul class=\"elementor-icon-list-items\">\n\t\t\t\t\t\t\t<li class=\"elementor-icon-list-item\">\n\t\t\t\t\t\t\t\t\t\t\t<span class=\"elementor-icon-list-icon\">\n\t\t\t\t\t\t\t<i aria-hidden=\"true\" class=\"fas fa-circle\"><\/i>\t\t\t\t\t\t<\/span>\n\t\t\t\t\t\t\t\t\t\t<span class=\"elementor-icon-list-text\"><span>External discolouration occurs when darker colour molecules are deposited in the tooth surface (e.g. due to frequent consumption of coffee, tea, red wine or nicotine).<\/span><\/span>\n\t\t\t\t\t\t\t\t\t<\/li>\n\t\t\t\t\t\t\t\t<li class=\"elementor-icon-list-item\">\n\t\t\t\t\t\t\t\t\t\t\t<span class=\"elementor-icon-list-icon\">\n\t\t\t\t\t\t\t<i aria-hidden=\"true\" class=\"fas fa-circle\"><\/i>\t\t\t\t\t\t<\/span>\n\t\t\t\t\t\t\t\t\t\t<span class=\"elementor-icon-list-text\"><span>Under certain circumstances, discoloration can also occur from the inside (e.g. due to certain medicines, diseases, tooth injuries or root fillings).<\/span><\/span>\n\t\t\t\t\t\t\t\t\t<\/li>\n\t\t\t\t\t\t<\/ul>\n\t\t\t\t\t\t<\/div>\n\t\t\t\t<\/div>\n\t\t\t\t<div class=\"elementor-element elementor-element-7b20ebe elementor-widget elementor-widget-text-editor\" data-id=\"7b20ebe\" data-element_type=\"widget\" data-e-type=\"widget\" data-widget_type=\"text-editor.default\">\n\t\t\t\t<div class=\"elementor-widget-container\">\n\t\t\t\t\t\t\t\t\tDiscolouration can be removed in combination with oral hygiene and subsequent bleaching.\t\t\t\t\t\t\t\t<\/div>\n\t\t\t\t<\/div>\n\t\t\t\t\t<\/div>\n\t\t<\/div>\n\t\t\t\t<div class=\"elementor-column elementor-col-50 elementor-inner-column elementor-element elementor-element-15da4835\" data-id=\"15da4835\" data-element_type=\"column\" data-e-type=\"column\">\n\t\t\t<div class=\"elementor-widget-wrap elementor-element-populated\">\n\t\t\t\t\t\t<div class=\"elementor-element elementor-element-15f4db5f elementor-widget elementor-widget-image\" data-id=\"15f4db5f\" data-element_type=\"widget\" data-e-type=\"widget\" data-widget_type=\"image.default\">\n\t\t\t\t<div class=\"elementor-widget-container\">\n\t\t\t\t\t\t\t\t\t\t\t\t\t\t\t<img fetchpriority=\"high\" decoding=\"async\" width=\"600\" height=\"450\" src=\"https:\/\/www.dentalaesthetics.at\/wp-content\/uploads\/2019\/10\/zahnfleisch-1.jpg\" class=\"attachment-large size-large wp-image-174\" alt=\"Paradontitisbehandlung\" srcset=\"https:\/\/www.dentalaesthetics.at\/wp-content\/uploads\/2019\/10\/zahnfleisch-1.jpg 600w, https:\/\/www.dentalaesthetics.at\/wp-content\/uploads\/2019\/10\/zahnfleisch-1-300x225.jpg 300w\" sizes=\"(max-width: 600px) 100vw, 600px\" \/>\t\t\t\t\t\t\t\t\t\t\t\t\t\t\t<\/div>\n\t\t\t\t<\/div>\n\t\t\t\t\t<\/div>\n\t\t<\/div>\n\t\t\t\t\t<\/div>\n\t\t<\/section>\n\t\t\t\t\t<\/div>\n\t\t<\/div>\n\t\t\t\t\t<\/div>\n\t\t<\/section>\n\t\t\t\t<section class=\"elementor-section elementor-top-section elementor-element elementor-element-1886fe99 elementor-section-stretched elementor-section-boxed elementor-section-height-default elementor-section-height-default\" data-id=\"1886fe99\" data-element_type=\"section\" data-e-type=\"section\" data-settings=\"{&quot;stretch_section&quot;:&quot;section-stretched&quot;,&quot;background_background&quot;:&quot;classic&quot;,&quot;shape_divider_top&quot;:&quot;mountains&quot;}\">\n\t\t\t\t\t<div class=\"elementor-shape elementor-shape-top\" aria-hidden=\"true\" data-negative=\"false\">\n\t\t\t<svg xmlns=\"http:\/\/www.w3.org\/2000\/svg\" viewbox=\"0 0 1000 100\" preserveaspectratio=\"none\">\n\t<path class=\"elementor-shape-fill\" opacity=\"0.33\" d=\"M473,67.3c-203.9,88.3-263.1-34-320.3,0C66,119.1,0,59.7,0,59.7V0h1000v59.7 c0,0-62.1,26.1-94.9,29.3c-32.8,3.3-62.8-12.3-75.8-22.1C806,49.6,745.3,8.7,694.9,4.7S492.4,59,473,67.3z\"\/>\n\t<path class=\"elementor-shape-fill\" opacity=\"0.66\" d=\"M734,67.3c-45.5,0-77.2-23.2-129.1-39.1c-28.6-8.7-150.3-10.1-254,39.1 s-91.7-34.4-149.2,0C115.7,118.3,0,39.8,0,39.8V0h1000v36.5c0,0-28.2-18.5-92.1-18.5C810.2,18.1,775.7,67.3,734,67.3z\"\/>\n\t<path class=\"elementor-shape-fill\" d=\"M766.1,28.9c-200-57.5-266,65.5-395.1,19.5C242,1.8,242,5.4,184.8,20.6C128,35.8,132.3,44.9,89.9,52.5C28.6,63.7,0,0,0,0 h1000c0,0-9.9,40.9-83.6,48.1S829.6,47,766.1,28.9z\"\/>\n<\/svg>\t\t<\/div>\n\t\t\t\t\t<div class=\"elementor-container elementor-column-gap-default\">\n\t\t\t\t\t<div class=\"elementor-column elementor-col-100 elementor-top-column elementor-element elementor-element-6fe912fa\" data-id=\"6fe912fa\" data-element_type=\"column\" data-e-type=\"column\">\n\t\t\t<div class=\"elementor-widget-wrap elementor-element-populated\">\n\t\t\t\t\t\t<section class=\"elementor-section elementor-inner-section elementor-element elementor-element-7f2ed654 elementor-section-boxed elementor-section-height-default elementor-section-height-default\" data-id=\"7f2ed654\" data-element_type=\"section\" data-e-type=\"section\">\n\t\t\t\t\t\t<div class=\"elementor-container elementor-column-gap-default\">\n\t\t\t\t\t<div class=\"elementor-column elementor-col-50 elementor-inner-column elementor-element elementor-element-7ffce311\" data-id=\"7ffce311\" data-element_type=\"column\" data-e-type=\"column\">\n\t\t\t<div class=\"elementor-widget-wrap elementor-element-populated\">\n\t\t\t\t\t\t<div class=\"elementor-element elementor-element-1ebc6841 elementor-widget elementor-widget-heading\" data-id=\"1ebc6841\" data-element_type=\"widget\" data-e-type=\"widget\" data-widget_type=\"heading.default\">\n\t\t\t\t<div class=\"elementor-widget-container\">\n\t\t\t\t\t<h2 class=\"elementor-heading-title elementor-size-default\">Do you have any further questions?<\/h2>\t\t\t\t<\/div>\n\t\t\t\t<\/div>\n\t\t\t\t<div class=\"elementor-element elementor-element-404e4743 elementor-widget elementor-widget-text-editor\" data-id=\"404e4743\" data-element_type=\"widget\" data-e-type=\"widget\" data-widget_type=\"text-editor.default\">\n\t\t\t\t<div class=\"elementor-widget-container\">\n\t\t\t\t\t\t\t\t\t<p>We will be happy to advise you on all details and invite you to an initial meeting.<\/p>\t\t\t\t\t\t\t\t<\/div>\n\t\t\t\t<\/div>\n\t\t\t\t\t<\/div>\n\t\t<\/div>\n\t\t\t\t<div class=\"elementor-column elementor-col-50 elementor-inner-column elementor-element elementor-element-2d2d3123\" data-id=\"2d2d3123\" data-element_type=\"column\" data-e-type=\"column\" data-settings=\"{&quot;background_background&quot;:&quot;classic&quot;}\">\n\t\t\t<div class=\"elementor-widget-wrap elementor-element-populated\">\n\t\t\t\t\t\t<div class=\"elementor-element elementor-element-5040fe90 elementor-widget__width-auto elementor-view-default elementor-widget elementor-widget-icon\" data-id=\"5040fe90\" data-element_type=\"widget\" data-e-type=\"widget\" data-widget_type=\"icon.default\">\n\t\t\t\t<div class=\"elementor-widget-container\">\n\t\t\t\t\t\t\t<div class=\"elementor-icon-wrapper\">\n\t\t\t<div class=\"elementor-icon\">\n\t\t\t<i aria-hidden=\"true\" class=\"fas fa-phone-alt\"><\/i>\t\t\t<\/div>\n\t\t<\/div>\n\t\t\t\t\t\t<\/div>\n\t\t\t\t<\/div>\n\t\t\t\t<div class=\"elementor-element elementor-element-8053b6d elementor-widget__width-auto elementor-widget elementor-widget-heading\" data-id=\"8053b6d\" data-element_type=\"widget\" data-e-type=\"widget\" data-widget_type=\"heading.default\">\n\t\t\t\t<div class=\"elementor-widget-container\">\n\t\t\t\t\t<h2 class=\"elementor-heading-title elementor-size-default\">+43 (0)1 942 07 23<\/h2>\t\t\t\t<\/div>\n\t\t\t\t<\/div>\n\t\t\t\t\t<\/div>\n\t\t<\/div>\n\t\t\t\t\t<\/div>\n\t\t<\/section>\n\t\t\t\t\t<\/div>\n\t\t<\/div>\n\t\t\t\t\t<\/div>\n\t\t<\/section>\n\t\t\t\t<\/div>","protected":false},"excerpt":{"rendered":"<p>BLEACHING Zahnverf\u00e4rbungen k\u00f6nnen unterschiedliche Ursachen haben und diese sollten vom Zahnarzt festgestellt werden. Eine \u00e4u\u00dferliche Verf\u00e4rbung entsteht, wenn sich dunklere Farbmolek\u00fcle in der&nbsp;Zahnoberfl\u00e4che einlagern (z.B. durch den h\u00e4ufigen Konsum von Kaffee, Tee, Rotwein oder Nikotin). Unter bestimmten Umst\u00e4nden kann eine Verf\u00e4rbung auch von innen entstehen (z.B.&nbsp;durch bestimmte Arzneimittel, Krankheiten, Zahnverletzungen oder Wurzelf\u00fcllungen). Verf\u00e4rbungen k\u00f6nnen in [&hellip;]<\/p>\n","protected":false},"author":2,"featured_media":0,"parent":0,"menu_order":0,"comment_status":"closed","ping_status":"closed","template":"elementor_header_footer","meta":{"footnotes":""},"class_list":["post-135","page","type-page","status-publish","hentry"],"yoast_head":"<!-- This site is optimized with the Yoast SEO plugin v27.5 - https:\/\/yoast.com\/product\/yoast-seo-wordpress\/ -->\n<title>Bleaching - Dentalaesthetics - Dr. med. dent. Muhlis Akarsu<\/title>\n<meta name=\"robots\" content=\"index, follow, max-snippet:-1, max-image-preview:large, max-video-preview:-1\" \/>\n<link rel=\"canonical\" href=\"https:\/\/www.dentalaesthetics.at\/en\/bleaching\/\" \/>\n<meta property=\"og:locale\" content=\"en_GB\" \/>\n<meta property=\"og:type\" content=\"article\" \/>\n<meta property=\"og:title\" content=\"Bleaching - Dentalaesthetics - Dr. med. dent. Muhlis Akarsu\" \/>\n<meta property=\"og:description\" content=\"BLEACHING Zahnverf\u00e4rbungen k\u00f6nnen unterschiedliche Ursachen haben und diese sollten vom Zahnarzt festgestellt werden. Eine \u00e4u\u00dferliche Verf\u00e4rbung entsteht, wenn sich dunklere Farbmolek\u00fcle in der&nbsp;Zahnoberfl\u00e4che einlagern (z.B. durch den h\u00e4ufigen Konsum von Kaffee, Tee, Rotwein oder Nikotin). Unter bestimmten Umst\u00e4nden kann eine Verf\u00e4rbung auch von innen entstehen (z.B.&nbsp;durch bestimmte Arzneimittel, Krankheiten, Zahnverletzungen oder Wurzelf\u00fcllungen). Verf\u00e4rbungen k\u00f6nnen in [&hellip;]\" \/>\n<meta property=\"og:url\" content=\"https:\/\/www.dentalaesthetics.at\/en\/bleaching\/\" \/>\n<meta property=\"og:site_name\" content=\"Dentalaesthetics - Dr. med. dent. Muhlis Akarsu\" \/>\n<meta property=\"article:modified_time\" content=\"2020-08-19T11:23:04+00:00\" \/>\n<meta property=\"og:image\" content=\"https:\/\/www.dentalaesthetics.at\/wp-content\/uploads\/2019\/10\/zahnfleisch-1.jpg\" \/>\n<meta name=\"twitter:card\" content=\"summary_large_image\" \/>\n<meta name=\"twitter:label1\" content=\"Estimated reading time\" \/>\n\t<meta name=\"twitter:data1\" content=\"1 minute\" \/>\n<script type=\"application\/ld+json\" class=\"yoast-schema-graph\">{\"@context\":\"https:\\\/\\\/schema.org\",\"@graph\":[{\"@type\":\"WebPage\",\"@id\":\"https:\\\/\\\/www.dentalaesthetics.at\\\/bleaching\\\/\",\"url\":\"https:\\\/\\\/www.dentalaesthetics.at\\\/bleaching\\\/\",\"name\":\"Bleaching - Dentalaesthetics - Dr. med. dent. Muhlis Akarsu\",\"isPartOf\":{\"@id\":\"https:\\\/\\\/www.dentalaesthetics.at\\\/#website\"},\"primaryImageOfPage\":{\"@id\":\"https:\\\/\\\/www.dentalaesthetics.at\\\/bleaching\\\/#primaryimage\"},\"image\":{\"@id\":\"https:\\\/\\\/www.dentalaesthetics.at\\\/bleaching\\\/#primaryimage\"},\"thumbnailUrl\":\"https:\\\/\\\/www.dentalaesthetics.at\\\/wp-content\\\/uploads\\\/2019\\\/10\\\/zahnfleisch-1.jpg\",\"datePublished\":\"2019-10-14T09:18:25+00:00\",\"dateModified\":\"2020-08-19T11:23:04+00:00\",\"breadcrumb\":{\"@id\":\"https:\\\/\\\/www.dentalaesthetics.at\\\/bleaching\\\/#breadcrumb\"},\"inLanguage\":\"en-GB\",\"potentialAction\":[{\"@type\":\"ReadAction\",\"target\":[\"https:\\\/\\\/www.dentalaesthetics.at\\\/bleaching\\\/\"]}]},{\"@type\":\"ImageObject\",\"inLanguage\":\"en-GB\",\"@id\":\"https:\\\/\\\/www.dentalaesthetics.at\\\/bleaching\\\/#primaryimage\",\"url\":\"https:\\\/\\\/www.dentalaesthetics.at\\\/wp-content\\\/uploads\\\/2019\\\/10\\\/zahnfleisch-1.jpg\",\"contentUrl\":\"https:\\\/\\\/www.dentalaesthetics.at\\\/wp-content\\\/uploads\\\/2019\\\/10\\\/zahnfleisch-1.jpg\"},{\"@type\":\"BreadcrumbList\",\"@id\":\"https:\\\/\\\/www.dentalaesthetics.at\\\/bleaching\\\/#breadcrumb\",\"itemListElement\":[{\"@type\":\"ListItem\",\"position\":1,\"name\":\"Startseite\",\"item\":\"https:\\\/\\\/www.dentalaesthetics.at\\\/\"},{\"@type\":\"ListItem\",\"position\":2,\"name\":\"Bleaching\"}]},{\"@type\":\"WebSite\",\"@id\":\"https:\\\/\\\/www.dentalaesthetics.at\\\/#website\",\"url\":\"https:\\\/\\\/www.dentalaesthetics.at\\\/\",\"name\":\"Dentalaesthetics - Dr. med. dent. Muhlis Akarsu\",\"description\":\"\",\"publisher\":{\"@id\":\"https:\\\/\\\/www.dentalaesthetics.at\\\/#organization\"},\"potentialAction\":[{\"@type\":\"SearchAction\",\"target\":{\"@type\":\"EntryPoint\",\"urlTemplate\":\"https:\\\/\\\/www.dentalaesthetics.at\\\/?s={search_term_string}\"},\"query-input\":{\"@type\":\"PropertyValueSpecification\",\"valueRequired\":true,\"valueName\":\"search_term_string\"}}],\"inLanguage\":\"en-GB\"},{\"@type\":\"Organization\",\"@id\":\"https:\\\/\\\/www.dentalaesthetics.at\\\/#organization\",\"name\":\"Dentalaesthetics - Dr. med. dent. Muhlis Akarsu\",\"url\":\"https:\\\/\\\/www.dentalaesthetics.at\\\/\",\"logo\":{\"@type\":\"ImageObject\",\"inLanguage\":\"en-GB\",\"@id\":\"https:\\\/\\\/www.dentalaesthetics.at\\\/#\\\/schema\\\/logo\\\/image\\\/\",\"url\":\"https:\\\/\\\/www.dentalaesthetics.at\\\/wp-content\\\/uploads\\\/2019\\\/12\\\/logo-n.png\",\"contentUrl\":\"https:\\\/\\\/www.dentalaesthetics.at\\\/wp-content\\\/uploads\\\/2019\\\/12\\\/logo-n.png\",\"width\":350,\"height\":70,\"caption\":\"Dentalaesthetics - Dr. med. dent. Muhlis Akarsu\"},\"image\":{\"@id\":\"https:\\\/\\\/www.dentalaesthetics.at\\\/#\\\/schema\\\/logo\\\/image\\\/\"}}]}<\/script>\n<!-- \/ Yoast SEO plugin. -->","yoast_head_json":{"title":"Bleaching - Dentalaesthetics - Dr. med. dent. Muhlis Akarsu","robots":{"index":"index","follow":"follow","max-snippet":"max-snippet:-1","max-image-preview":"max-image-preview:large","max-video-preview":"max-video-preview:-1"},"canonical":"https:\/\/www.dentalaesthetics.at\/en\/bleaching\/","og_locale":"en_GB","og_type":"article","og_title":"Bleaching - Dentalaesthetics - Dr. med. dent. Muhlis Akarsu","og_description":"BLEACHING Zahnverf\u00e4rbungen k\u00f6nnen unterschiedliche Ursachen haben und diese sollten vom Zahnarzt festgestellt werden. Eine \u00e4u\u00dferliche Verf\u00e4rbung entsteht, wenn sich dunklere Farbmolek\u00fcle in der&nbsp;Zahnoberfl\u00e4che einlagern (z.B. durch den h\u00e4ufigen Konsum von Kaffee, Tee, Rotwein oder Nikotin). Unter bestimmten Umst\u00e4nden kann eine Verf\u00e4rbung auch von innen entstehen (z.B.&nbsp;durch bestimmte Arzneimittel, Krankheiten, Zahnverletzungen oder Wurzelf\u00fcllungen). Verf\u00e4rbungen k\u00f6nnen in [&hellip;]","og_url":"https:\/\/www.dentalaesthetics.at\/en\/bleaching\/","og_site_name":"Dentalaesthetics - Dr. med. dent. Muhlis Akarsu","article_modified_time":"2020-08-19T11:23:04+00:00","og_image":[{"url":"https:\/\/www.dentalaesthetics.at\/wp-content\/uploads\/2019\/10\/zahnfleisch-1.jpg","type":"","width":"","height":""}],"twitter_card":"summary_large_image","twitter_misc":{"Estimated reading time":"1 minute"},"schema":{"@context":"https:\/\/schema.org","@graph":[{"@type":"WebPage","@id":"https:\/\/www.dentalaesthetics.at\/bleaching\/","url":"https:\/\/www.dentalaesthetics.at\/bleaching\/","name":"Bleaching - Dentalaesthetics - Dr. med. dent. Muhlis Akarsu","isPartOf":{"@id":"https:\/\/www.dentalaesthetics.at\/#website"},"primaryImageOfPage":{"@id":"https:\/\/www.dentalaesthetics.at\/bleaching\/#primaryimage"},"image":{"@id":"https:\/\/www.dentalaesthetics.at\/bleaching\/#primaryimage"},"thumbnailUrl":"https:\/\/www.dentalaesthetics.at\/wp-content\/uploads\/2019\/10\/zahnfleisch-1.jpg","datePublished":"2019-10-14T09:18:25+00:00","dateModified":"2020-08-19T11:23:04+00:00","breadcrumb":{"@id":"https:\/\/www.dentalaesthetics.at\/bleaching\/#breadcrumb"},"inLanguage":"en-GB","potentialAction":[{"@type":"ReadAction","target":["https:\/\/www.dentalaesthetics.at\/bleaching\/"]}]},{"@type":"ImageObject","inLanguage":"en-GB","@id":"https:\/\/www.dentalaesthetics.at\/bleaching\/#primaryimage","url":"https:\/\/www.dentalaesthetics.at\/wp-content\/uploads\/2019\/10\/zahnfleisch-1.jpg","contentUrl":"https:\/\/www.dentalaesthetics.at\/wp-content\/uploads\/2019\/10\/zahnfleisch-1.jpg"},{"@type":"BreadcrumbList","@id":"https:\/\/www.dentalaesthetics.at\/bleaching\/#breadcrumb","itemListElement":[{"@type":"ListItem","position":1,"name":"Startseite","item":"https:\/\/www.dentalaesthetics.at\/"},{"@type":"ListItem","position":2,"name":"Bleaching"}]},{"@type":"WebSite","@id":"https:\/\/www.dentalaesthetics.at\/#website","url":"https:\/\/www.dentalaesthetics.at\/","name":"Dentalaesthetics - Dr. med. dent. Muhlis Akarsu","description":"","publisher":{"@id":"https:\/\/www.dentalaesthetics.at\/#organization"},"potentialAction":[{"@type":"SearchAction","target":{"@type":"EntryPoint","urlTemplate":"https:\/\/www.dentalaesthetics.at\/?s={search_term_string}"},"query-input":{"@type":"PropertyValueSpecification","valueRequired":true,"valueName":"search_term_string"}}],"inLanguage":"en-GB"},{"@type":"Organization","@id":"https:\/\/www.dentalaesthetics.at\/#organization","name":"Dentalaesthetics - Dr. med. dent. Muhlis Akarsu","url":"https:\/\/www.dentalaesthetics.at\/","logo":{"@type":"ImageObject","inLanguage":"en-GB","@id":"https:\/\/www.dentalaesthetics.at\/#\/schema\/logo\/image\/","url":"https:\/\/www.dentalaesthetics.at\/wp-content\/uploads\/2019\/12\/logo-n.png","contentUrl":"https:\/\/www.dentalaesthetics.at\/wp-content\/uploads\/2019\/12\/logo-n.png","width":350,"height":70,"caption":"Dentalaesthetics - Dr. med. dent. Muhlis Akarsu"},"image":{"@id":"https:\/\/www.dentalaesthetics.at\/#\/schema\/logo\/image\/"}}]}},"_links":{"self":[{"href":"https:\/\/www.dentalaesthetics.at\/en\/wp-json\/wp\/v2\/pages\/135","targetHints":{"allow":["GET"]}}],"collection":[{"href":"https:\/\/www.dentalaesthetics.at\/en\/wp-json\/wp\/v2\/pages"}],"about":[{"href":"https:\/\/www.dentalaesthetics.at\/en\/wp-json\/wp\/v2\/types\/page"}],"author":[{"embeddable":true,"href":"https:\/\/www.dentalaesthetics.at\/en\/wp-json\/wp\/v2\/users\/2"}],"replies":[{"embeddable":true,"href":"https:\/\/www.dentalaesthetics.at\/en\/wp-json\/wp\/v2\/comments?post=135"}],"version-history":[{"count":6,"href":"https:\/\/www.dentalaesthetics.at\/en\/wp-json\/wp\/v2\/pages\/135\/revisions"}],"predecessor-version":[{"id":470,"href":"https:\/\/www.dentalaesthetics.at\/en\/wp-json\/wp\/v2\/pages\/135\/revisions\/470"}],"wp:attachment":[{"href":"https:\/\/www.dentalaesthetics.at\/en\/wp-json\/wp\/v2\/media?parent=135"}],"curies":[{"name":"wp","href":"https:\/\/api.w.org\/{rel}","templated":true}]}}