{"id":237,"date":"2019-10-24T05:12:56","date_gmt":"2019-10-24T03:12:56","guid":{"rendered":"https:\/\/www.dentalaesthetics.at\/?page_id=237"},"modified":"2020-08-19T13:40:27","modified_gmt":"2020-08-19T11:40:27","slug":"prothesen","status":"publish","type":"page","link":"https:\/\/www.dentalaesthetics.at\/en\/prothesen\/","title":{"rendered":"Prosthesis"},"content":{"rendered":"<div data-elementor-type=\"wp-page\" data-elementor-id=\"237\" class=\"elementor elementor-237\" data-elementor-post-type=\"page\">\n\t\t\t\t\t\t<section class=\"elementor-section elementor-top-section elementor-element elementor-element-5fa039e6 elementor-section-boxed elementor-section-height-default elementor-section-height-default\" data-id=\"5fa039e6\" data-element_type=\"section\" data-e-type=\"section\">\n\t\t\t\t\t\t<div class=\"elementor-container elementor-column-gap-default\">\n\t\t\t\t\t<div class=\"elementor-column elementor-col-100 elementor-top-column elementor-element elementor-element-39a38e25\" data-id=\"39a38e25\" data-element_type=\"column\" data-e-type=\"column\">\n\t\t\t<div class=\"elementor-widget-wrap elementor-element-populated\">\n\t\t\t\t\t\t<section class=\"elementor-section elementor-inner-section elementor-element elementor-element-b9dc278 elementor-section-boxed elementor-section-height-default elementor-section-height-default\" data-id=\"b9dc278\" data-element_type=\"section\" data-e-type=\"section\">\n\t\t\t\t\t\t<div class=\"elementor-container elementor-column-gap-default\">\n\t\t\t\t\t<div class=\"elementor-column elementor-col-50 elementor-inner-column elementor-element elementor-element-29d1581f\" data-id=\"29d1581f\" data-element_type=\"column\" data-e-type=\"column\">\n\t\t\t<div class=\"elementor-widget-wrap elementor-element-populated\">\n\t\t\t\t\t\t<div class=\"elementor-element elementor-element-79d9fae9 elementor-widget elementor-widget-heading\" data-id=\"79d9fae9\" data-element_type=\"widget\" data-e-type=\"widget\" data-widget_type=\"heading.default\">\n\t\t\t\t<div class=\"elementor-widget-container\">\n\t\t\t\t\t<h2 class=\"elementor-heading-title elementor-size-default\">Dental prosthesis<\/h2>\t\t\t\t<\/div>\n\t\t\t\t<\/div>\n\t\t\t\t<div class=\"elementor-element elementor-element-760b67d6 elementor-widget-divider--view-line elementor-widget elementor-widget-divider\" data-id=\"760b67d6\" data-element_type=\"widget\" data-e-type=\"widget\" data-widget_type=\"divider.default\">\n\t\t\t\t<div class=\"elementor-widget-container\">\n\t\t\t\t\t\t\t<div class=\"elementor-divider\">\n\t\t\t<span class=\"elementor-divider-separator\">\n\t\t\t\t\t\t<\/span>\n\t\t<\/div>\n\t\t\t\t\t\t<\/div>\n\t\t\t\t<\/div>\n\t\t\t\t<div class=\"elementor-element elementor-element-973979c elementor-widget elementor-widget-text-editor\" data-id=\"973979c\" data-element_type=\"widget\" data-e-type=\"widget\" data-widget_type=\"text-editor.default\">\n\t\t\t\t<div class=\"elementor-widget-container\">\n\t\t\t\t\t\t\t\t\t<p class=\"translation-block\">Dentures are used when the gaps in the dentition are so large that other fixed dentures are no longer possible.<br>The simplest method of dentures are removable dentures if one or more teeth are missing. In the form of partial dentures with and without clasps or total dentures. Partial dentures with visible clasps are less aesthetic but the cheapest. Dentures without clasps snap onto a counterpart.<\/p>\t\t\t\t\t\t\t\t<\/div>\n\t\t\t\t<\/div>\n\t\t\t\t\t<\/div>\n\t\t<\/div>\n\t\t\t\t<div class=\"elementor-column elementor-col-50 elementor-inner-column elementor-element elementor-element-4e8a0b62\" data-id=\"4e8a0b62\" data-element_type=\"column\" data-e-type=\"column\">\n\t\t\t<div class=\"elementor-widget-wrap elementor-element-populated\">\n\t\t\t\t\t\t<div class=\"elementor-element elementor-element-7c154535 elementor-widget elementor-widget-image\" data-id=\"7c154535\" data-element_type=\"widget\" data-e-type=\"widget\" data-widget_type=\"image.default\">\n\t\t\t\t<div class=\"elementor-widget-container\">\n\t\t\t\t\t\t\t\t\t\t\t\t\t\t\t<img fetchpriority=\"high\" decoding=\"async\" width=\"600\" height=\"450\" src=\"https:\/\/www.dentalaesthetics.at\/wp-content\/uploads\/2019\/10\/zahnprothese.jpg\" class=\"attachment-large size-large wp-image-165\" alt=\"Zahnprothese\" srcset=\"https:\/\/www.dentalaesthetics.at\/wp-content\/uploads\/2019\/10\/zahnprothese.jpg 600w, https:\/\/www.dentalaesthetics.at\/wp-content\/uploads\/2019\/10\/zahnprothese-300x225.jpg 300w\" sizes=\"(max-width: 600px) 100vw, 600px\" \/>\t\t\t\t\t\t\t\t\t\t\t\t\t\t\t<\/div>\n\t\t\t\t<\/div>\n\t\t\t\t\t<\/div>\n\t\t<\/div>\n\t\t\t\t\t<\/div>\n\t\t<\/section>\n\t\t\t\t\t<\/div>\n\t\t<\/div>\n\t\t\t\t\t<\/div>\n\t\t<\/section>\n\t\t\t\t<section class=\"elementor-section elementor-top-section elementor-element elementor-element-b00fb84 elementor-section-boxed elementor-section-height-default elementor-section-height-default\" data-id=\"b00fb84\" data-element_type=\"section\" data-e-type=\"section\">\n\t\t\t\t\t\t<div class=\"elementor-container elementor-column-gap-default\">\n\t\t\t\t\t<div class=\"elementor-column elementor-col-100 elementor-top-column elementor-element elementor-element-6e531dc\" data-id=\"6e531dc\" data-element_type=\"column\" data-e-type=\"column\">\n\t\t\t<div class=\"elementor-widget-wrap elementor-element-populated\">\n\t\t\t\t\t\t<div class=\"elementor-element elementor-element-34ff39d elementor-widget elementor-widget-text-editor\" data-id=\"34ff39d\" data-element_type=\"widget\" data-e-type=\"widget\" data-widget_type=\"text-editor.default\">\n\t\t\t\t<div class=\"elementor-widget-container\">\n\t\t\t\t\t\t\t\t\t<p>In terms of esthetics and hold, model cast dentures are more advantageous than clasp dentures because they cannot be fixed visibly to crowned teeth.<br \/>Total dentures do not have an optimal hold in the lower jaw. In the upper jaw it is slightly better. Therefore, more and more preference is given to an implant-supported denture because it has a firm hold on the implants.<br \/>The prosthesis should be cleaned twice a day.<\/p>\t\t\t\t\t\t\t\t<\/div>\n\t\t\t\t<\/div>\n\t\t\t\t\t<\/div>\n\t\t<\/div>\n\t\t\t\t\t<\/div>\n\t\t<\/section>\n\t\t\t\t<section class=\"elementor-section elementor-top-section elementor-element elementor-element-50cfd587 elementor-section-stretched elementor-section-boxed elementor-section-height-default elementor-section-height-default\" data-id=\"50cfd587\" data-element_type=\"section\" data-e-type=\"section\" data-settings=\"{&quot;stretch_section&quot;:&quot;section-stretched&quot;,&quot;background_background&quot;:&quot;classic&quot;,&quot;shape_divider_top&quot;:&quot;mountains&quot;}\">\n\t\t\t\t\t<div class=\"elementor-shape elementor-shape-top\" aria-hidden=\"true\" data-negative=\"false\">\n\t\t\t<svg xmlns=\"http:\/\/www.w3.org\/2000\/svg\" viewbox=\"0 0 1000 100\" preserveaspectratio=\"none\">\n\t<path class=\"elementor-shape-fill\" opacity=\"0.33\" d=\"M473,67.3c-203.9,88.3-263.1-34-320.3,0C66,119.1,0,59.7,0,59.7V0h1000v59.7 c0,0-62.1,26.1-94.9,29.3c-32.8,3.3-62.8-12.3-75.8-22.1C806,49.6,745.3,8.7,694.9,4.7S492.4,59,473,67.3z\"\/>\n\t<path class=\"elementor-shape-fill\" opacity=\"0.66\" d=\"M734,67.3c-45.5,0-77.2-23.2-129.1-39.1c-28.6-8.7-150.3-10.1-254,39.1 s-91.7-34.4-149.2,0C115.7,118.3,0,39.8,0,39.8V0h1000v36.5c0,0-28.2-18.5-92.1-18.5C810.2,18.1,775.7,67.3,734,67.3z\"\/>\n\t<path class=\"elementor-shape-fill\" d=\"M766.1,28.9c-200-57.5-266,65.5-395.1,19.5C242,1.8,242,5.4,184.8,20.6C128,35.8,132.3,44.9,89.9,52.5C28.6,63.7,0,0,0,0 h1000c0,0-9.9,40.9-83.6,48.1S829.6,47,766.1,28.9z\"\/>\n<\/svg>\t\t<\/div>\n\t\t\t\t\t<div class=\"elementor-container elementor-column-gap-default\">\n\t\t\t\t\t<div class=\"elementor-column elementor-col-100 elementor-top-column elementor-element elementor-element-dbf8ec7\" data-id=\"dbf8ec7\" data-element_type=\"column\" data-e-type=\"column\">\n\t\t\t<div class=\"elementor-widget-wrap elementor-element-populated\">\n\t\t\t\t\t\t<section class=\"elementor-section elementor-inner-section elementor-element elementor-element-61c5bcea elementor-section-boxed elementor-section-height-default elementor-section-height-default\" data-id=\"61c5bcea\" data-element_type=\"section\" data-e-type=\"section\">\n\t\t\t\t\t\t<div class=\"elementor-container elementor-column-gap-default\">\n\t\t\t\t\t<div class=\"elementor-column elementor-col-50 elementor-inner-column elementor-element elementor-element-12996281\" data-id=\"12996281\" data-element_type=\"column\" data-e-type=\"column\">\n\t\t\t<div class=\"elementor-widget-wrap elementor-element-populated\">\n\t\t\t\t\t\t<div class=\"elementor-element elementor-element-2a80c99e elementor-widget elementor-widget-heading\" data-id=\"2a80c99e\" data-element_type=\"widget\" data-e-type=\"widget\" data-widget_type=\"heading.default\">\n\t\t\t\t<div class=\"elementor-widget-container\">\n\t\t\t\t\t<h2 class=\"elementor-heading-title elementor-size-default\">Do you have any further questions?<\/h2>\t\t\t\t<\/div>\n\t\t\t\t<\/div>\n\t\t\t\t<div class=\"elementor-element elementor-element-5a0733b elementor-widget elementor-widget-text-editor\" data-id=\"5a0733b\" data-element_type=\"widget\" data-e-type=\"widget\" data-widget_type=\"text-editor.default\">\n\t\t\t\t<div class=\"elementor-widget-container\">\n\t\t\t\t\t\t\t\t\t<p>We will be happy to advise you on all details and invite you to an initial meeting.<\/p>\t\t\t\t\t\t\t\t<\/div>\n\t\t\t\t<\/div>\n\t\t\t\t\t<\/div>\n\t\t<\/div>\n\t\t\t\t<div class=\"elementor-column elementor-col-50 elementor-inner-column elementor-element elementor-element-c40e683\" data-id=\"c40e683\" data-element_type=\"column\" data-e-type=\"column\" data-settings=\"{&quot;background_background&quot;:&quot;classic&quot;}\">\n\t\t\t<div class=\"elementor-widget-wrap elementor-element-populated\">\n\t\t\t\t\t\t<div class=\"elementor-element elementor-element-5046adf6 elementor-widget__width-auto elementor-view-default elementor-widget elementor-widget-icon\" data-id=\"5046adf6\" data-element_type=\"widget\" data-e-type=\"widget\" data-widget_type=\"icon.default\">\n\t\t\t\t<div class=\"elementor-widget-container\">\n\t\t\t\t\t\t\t<div class=\"elementor-icon-wrapper\">\n\t\t\t<div class=\"elementor-icon\">\n\t\t\t<i aria-hidden=\"true\" class=\"fas fa-phone-alt\"><\/i>\t\t\t<\/div>\n\t\t<\/div>\n\t\t\t\t\t\t<\/div>\n\t\t\t\t<\/div>\n\t\t\t\t<div class=\"elementor-element elementor-element-347eee48 elementor-widget__width-auto elementor-widget elementor-widget-heading\" data-id=\"347eee48\" data-element_type=\"widget\" data-e-type=\"widget\" data-widget_type=\"heading.default\">\n\t\t\t\t<div class=\"elementor-widget-container\">\n\t\t\t\t\t<h2 class=\"elementor-heading-title elementor-size-default\">+43 (0)1 942 07 23<\/h2>\t\t\t\t<\/div>\n\t\t\t\t<\/div>\n\t\t\t\t\t<\/div>\n\t\t<\/div>\n\t\t\t\t\t<\/div>\n\t\t<\/section>\n\t\t\t\t\t<\/div>\n\t\t<\/div>\n\t\t\t\t\t<\/div>\n\t\t<\/section>\n\t\t\t\t<\/div>","protected":false},"excerpt":{"rendered":"<p>Zahnprothesen Zahnprothesen kommen dann zur Anwendung, wenn die L\u00fccken im Gebiss so gro\u00df sind, dass ein anderer fester Zahnersatz nicht mehr m\u00f6glich ist.Die einfachste Methode als Zahnersatz sind beim Fehlen einzelner oder mehrerer Z\u00e4hne herausnehmbare Zahnprothesen. In Form von Teilprothesen mit und ohne Klammer oder Totalprothesen. Wenig \u00e4sthetisch aber am kosteng\u00fcnstigsten sind Teilprothesen mit sichtbarer [&hellip;]<\/p>\n","protected":false},"author":1,"featured_media":0,"parent":0,"menu_order":0,"comment_status":"closed","ping_status":"closed","template":"elementor_header_footer","meta":{"footnotes":""},"class_list":["post-237","page","type-page","status-publish","hentry"],"yoast_head":"<!-- This site is optimized with the Yoast SEO plugin v27.5 - https:\/\/yoast.com\/product\/yoast-seo-wordpress\/ -->\n<title>Prothesen - Dentalaesthetics - Dr. med. dent. Muhlis Akarsu<\/title>\n<meta name=\"robots\" content=\"index, follow, max-snippet:-1, max-image-preview:large, max-video-preview:-1\" \/>\n<link rel=\"canonical\" href=\"https:\/\/www.dentalaesthetics.at\/en\/prothesen\/\" \/>\n<meta property=\"og:locale\" content=\"en_GB\" \/>\n<meta property=\"og:type\" content=\"article\" \/>\n<meta property=\"og:title\" content=\"Prothesen - Dentalaesthetics - Dr. med. dent. Muhlis Akarsu\" \/>\n<meta property=\"og:description\" content=\"Zahnprothesen Zahnprothesen kommen dann zur Anwendung, wenn die L\u00fccken im Gebiss so gro\u00df sind, dass ein anderer fester Zahnersatz nicht mehr m\u00f6glich ist.Die einfachste Methode als Zahnersatz sind beim Fehlen einzelner oder mehrerer Z\u00e4hne herausnehmbare Zahnprothesen. In Form von Teilprothesen mit und ohne Klammer oder Totalprothesen. Wenig \u00e4sthetisch aber am kosteng\u00fcnstigsten sind Teilprothesen mit sichtbarer [&hellip;]\" \/>\n<meta property=\"og:url\" content=\"https:\/\/www.dentalaesthetics.at\/en\/prothesen\/\" \/>\n<meta property=\"og:site_name\" content=\"Dentalaesthetics - Dr. med. dent. Muhlis Akarsu\" \/>\n<meta property=\"article:modified_time\" content=\"2020-08-19T11:40:27+00:00\" \/>\n<meta property=\"og:image\" content=\"https:\/\/www.dentalaesthetics.at\/wp-content\/uploads\/2019\/10\/zahnprothese.jpg\" \/>\n<meta name=\"twitter:card\" content=\"summary_large_image\" \/>\n<meta name=\"twitter:label1\" content=\"Estimated reading time\" \/>\n\t<meta name=\"twitter:data1\" content=\"1 minute\" \/>\n<script type=\"application\/ld+json\" class=\"yoast-schema-graph\">{\"@context\":\"https:\\\/\\\/schema.org\",\"@graph\":[{\"@type\":\"WebPage\",\"@id\":\"https:\\\/\\\/www.dentalaesthetics.at\\\/prothesen\\\/\",\"url\":\"https:\\\/\\\/www.dentalaesthetics.at\\\/prothesen\\\/\",\"name\":\"Prothesen - Dentalaesthetics - Dr. med. dent. Muhlis Akarsu\",\"isPartOf\":{\"@id\":\"https:\\\/\\\/www.dentalaesthetics.at\\\/#website\"},\"primaryImageOfPage\":{\"@id\":\"https:\\\/\\\/www.dentalaesthetics.at\\\/prothesen\\\/#primaryimage\"},\"image\":{\"@id\":\"https:\\\/\\\/www.dentalaesthetics.at\\\/prothesen\\\/#primaryimage\"},\"thumbnailUrl\":\"https:\\\/\\\/www.dentalaesthetics.at\\\/wp-content\\\/uploads\\\/2019\\\/10\\\/zahnprothese.jpg\",\"datePublished\":\"2019-10-24T03:12:56+00:00\",\"dateModified\":\"2020-08-19T11:40:27+00:00\",\"breadcrumb\":{\"@id\":\"https:\\\/\\\/www.dentalaesthetics.at\\\/prothesen\\\/#breadcrumb\"},\"inLanguage\":\"en-GB\",\"potentialAction\":[{\"@type\":\"ReadAction\",\"target\":[\"https:\\\/\\\/www.dentalaesthetics.at\\\/prothesen\\\/\"]}]},{\"@type\":\"ImageObject\",\"inLanguage\":\"en-GB\",\"@id\":\"https:\\\/\\\/www.dentalaesthetics.at\\\/prothesen\\\/#primaryimage\",\"url\":\"https:\\\/\\\/www.dentalaesthetics.at\\\/wp-content\\\/uploads\\\/2019\\\/10\\\/zahnprothese.jpg\",\"contentUrl\":\"https:\\\/\\\/www.dentalaesthetics.at\\\/wp-content\\\/uploads\\\/2019\\\/10\\\/zahnprothese.jpg\"},{\"@type\":\"BreadcrumbList\",\"@id\":\"https:\\\/\\\/www.dentalaesthetics.at\\\/prothesen\\\/#breadcrumb\",\"itemListElement\":[{\"@type\":\"ListItem\",\"position\":1,\"name\":\"Startseite\",\"item\":\"https:\\\/\\\/www.dentalaesthetics.at\\\/\"},{\"@type\":\"ListItem\",\"position\":2,\"name\":\"Prothesen\"}]},{\"@type\":\"WebSite\",\"@id\":\"https:\\\/\\\/www.dentalaesthetics.at\\\/#website\",\"url\":\"https:\\\/\\\/www.dentalaesthetics.at\\\/\",\"name\":\"Dentalaesthetics - Dr. med. dent. Muhlis Akarsu\",\"description\":\"\",\"publisher\":{\"@id\":\"https:\\\/\\\/www.dentalaesthetics.at\\\/#organization\"},\"potentialAction\":[{\"@type\":\"SearchAction\",\"target\":{\"@type\":\"EntryPoint\",\"urlTemplate\":\"https:\\\/\\\/www.dentalaesthetics.at\\\/?s={search_term_string}\"},\"query-input\":{\"@type\":\"PropertyValueSpecification\",\"valueRequired\":true,\"valueName\":\"search_term_string\"}}],\"inLanguage\":\"en-GB\"},{\"@type\":\"Organization\",\"@id\":\"https:\\\/\\\/www.dentalaesthetics.at\\\/#organization\",\"name\":\"Dentalaesthetics - Dr. med. dent. Muhlis Akarsu\",\"url\":\"https:\\\/\\\/www.dentalaesthetics.at\\\/\",\"logo\":{\"@type\":\"ImageObject\",\"inLanguage\":\"en-GB\",\"@id\":\"https:\\\/\\\/www.dentalaesthetics.at\\\/#\\\/schema\\\/logo\\\/image\\\/\",\"url\":\"https:\\\/\\\/www.dentalaesthetics.at\\\/wp-content\\\/uploads\\\/2019\\\/12\\\/logo-n.png\",\"contentUrl\":\"https:\\\/\\\/www.dentalaesthetics.at\\\/wp-content\\\/uploads\\\/2019\\\/12\\\/logo-n.png\",\"width\":350,\"height\":70,\"caption\":\"Dentalaesthetics - Dr. med. dent. Muhlis Akarsu\"},\"image\":{\"@id\":\"https:\\\/\\\/www.dentalaesthetics.at\\\/#\\\/schema\\\/logo\\\/image\\\/\"}}]}<\/script>\n<!-- \/ Yoast SEO plugin. -->","yoast_head_json":{"title":"Prothesen - Dentalaesthetics - Dr. med. dent. Muhlis Akarsu","robots":{"index":"index","follow":"follow","max-snippet":"max-snippet:-1","max-image-preview":"max-image-preview:large","max-video-preview":"max-video-preview:-1"},"canonical":"https:\/\/www.dentalaesthetics.at\/en\/prothesen\/","og_locale":"en_GB","og_type":"article","og_title":"Prothesen - Dentalaesthetics - Dr. med. dent. Muhlis Akarsu","og_description":"Zahnprothesen Zahnprothesen kommen dann zur Anwendung, wenn die L\u00fccken im Gebiss so gro\u00df sind, dass ein anderer fester Zahnersatz nicht mehr m\u00f6glich ist.Die einfachste Methode als Zahnersatz sind beim Fehlen einzelner oder mehrerer Z\u00e4hne herausnehmbare Zahnprothesen. In Form von Teilprothesen mit und ohne Klammer oder Totalprothesen. Wenig \u00e4sthetisch aber am kosteng\u00fcnstigsten sind Teilprothesen mit sichtbarer [&hellip;]","og_url":"https:\/\/www.dentalaesthetics.at\/en\/prothesen\/","og_site_name":"Dentalaesthetics - Dr. med. dent. Muhlis Akarsu","article_modified_time":"2020-08-19T11:40:27+00:00","og_image":[{"url":"https:\/\/www.dentalaesthetics.at\/wp-content\/uploads\/2019\/10\/zahnprothese.jpg","type":"","width":"","height":""}],"twitter_card":"summary_large_image","twitter_misc":{"Estimated reading time":"1 minute"},"schema":{"@context":"https:\/\/schema.org","@graph":[{"@type":"WebPage","@id":"https:\/\/www.dentalaesthetics.at\/prothesen\/","url":"https:\/\/www.dentalaesthetics.at\/prothesen\/","name":"Prothesen - Dentalaesthetics - Dr. med. dent. Muhlis Akarsu","isPartOf":{"@id":"https:\/\/www.dentalaesthetics.at\/#website"},"primaryImageOfPage":{"@id":"https:\/\/www.dentalaesthetics.at\/prothesen\/#primaryimage"},"image":{"@id":"https:\/\/www.dentalaesthetics.at\/prothesen\/#primaryimage"},"thumbnailUrl":"https:\/\/www.dentalaesthetics.at\/wp-content\/uploads\/2019\/10\/zahnprothese.jpg","datePublished":"2019-10-24T03:12:56+00:00","dateModified":"2020-08-19T11:40:27+00:00","breadcrumb":{"@id":"https:\/\/www.dentalaesthetics.at\/prothesen\/#breadcrumb"},"inLanguage":"en-GB","potentialAction":[{"@type":"ReadAction","target":["https:\/\/www.dentalaesthetics.at\/prothesen\/"]}]},{"@type":"ImageObject","inLanguage":"en-GB","@id":"https:\/\/www.dentalaesthetics.at\/prothesen\/#primaryimage","url":"https:\/\/www.dentalaesthetics.at\/wp-content\/uploads\/2019\/10\/zahnprothese.jpg","contentUrl":"https:\/\/www.dentalaesthetics.at\/wp-content\/uploads\/2019\/10\/zahnprothese.jpg"},{"@type":"BreadcrumbList","@id":"https:\/\/www.dentalaesthetics.at\/prothesen\/#breadcrumb","itemListElement":[{"@type":"ListItem","position":1,"name":"Startseite","item":"https:\/\/www.dentalaesthetics.at\/"},{"@type":"ListItem","position":2,"name":"Prothesen"}]},{"@type":"WebSite","@id":"https:\/\/www.dentalaesthetics.at\/#website","url":"https:\/\/www.dentalaesthetics.at\/","name":"Dentalaesthetics - Dr. med. dent. Muhlis Akarsu","description":"","publisher":{"@id":"https:\/\/www.dentalaesthetics.at\/#organization"},"potentialAction":[{"@type":"SearchAction","target":{"@type":"EntryPoint","urlTemplate":"https:\/\/www.dentalaesthetics.at\/?s={search_term_string}"},"query-input":{"@type":"PropertyValueSpecification","valueRequired":true,"valueName":"search_term_string"}}],"inLanguage":"en-GB"},{"@type":"Organization","@id":"https:\/\/www.dentalaesthetics.at\/#organization","name":"Dentalaesthetics - Dr. med. dent. Muhlis Akarsu","url":"https:\/\/www.dentalaesthetics.at\/","logo":{"@type":"ImageObject","inLanguage":"en-GB","@id":"https:\/\/www.dentalaesthetics.at\/#\/schema\/logo\/image\/","url":"https:\/\/www.dentalaesthetics.at\/wp-content\/uploads\/2019\/12\/logo-n.png","contentUrl":"https:\/\/www.dentalaesthetics.at\/wp-content\/uploads\/2019\/12\/logo-n.png","width":350,"height":70,"caption":"Dentalaesthetics - Dr. med. dent. Muhlis Akarsu"},"image":{"@id":"https:\/\/www.dentalaesthetics.at\/#\/schema\/logo\/image\/"}}]}},"_links":{"self":[{"href":"https:\/\/www.dentalaesthetics.at\/en\/wp-json\/wp\/v2\/pages\/237","targetHints":{"allow":["GET"]}}],"collection":[{"href":"https:\/\/www.dentalaesthetics.at\/en\/wp-json\/wp\/v2\/pages"}],"about":[{"href":"https:\/\/www.dentalaesthetics.at\/en\/wp-json\/wp\/v2\/types\/page"}],"author":[{"embeddable":true,"href":"https:\/\/www.dentalaesthetics.at\/en\/wp-json\/wp\/v2\/users\/1"}],"replies":[{"embeddable":true,"href":"https:\/\/www.dentalaesthetics.at\/en\/wp-json\/wp\/v2\/comments?post=237"}],"version-history":[{"count":4,"href":"https:\/\/www.dentalaesthetics.at\/en\/wp-json\/wp\/v2\/pages\/237\/revisions"}],"predecessor-version":[{"id":492,"href":"https:\/\/www.dentalaesthetics.at\/en\/wp-json\/wp\/v2\/pages\/237\/revisions\/492"}],"wp:attachment":[{"href":"https:\/\/www.dentalaesthetics.at\/en\/wp-json\/wp\/v2\/media?parent=237"}],"curies":[{"name":"wp","href":"https:\/\/api.w.org\/{rel}","templated":true}]}}