{"id":432,"date":"2020-08-19T12:57:50","date_gmt":"2020-08-19T10:57:50","guid":{"rendered":"https:\/\/www.dentalaesthetics.at\/?page_id=432"},"modified":"2024-03-09T18:49:55","modified_gmt":"2024-03-09T17:49:55","slug":"laserbehandlung","status":"publish","type":"page","link":"https:\/\/www.dentalaesthetics.at\/en\/laserbehandlung\/","title":{"rendered":"Laser treatment"},"content":{"rendered":"<div data-elementor-type=\"wp-page\" data-elementor-id=\"432\" class=\"elementor elementor-432\" data-elementor-post-type=\"page\">\n\t\t\t\t\t\t<section class=\"elementor-section elementor-top-section elementor-element elementor-element-3f565a14 elementor-section-boxed elementor-section-height-default elementor-section-height-default\" data-id=\"3f565a14\" data-element_type=\"section\" data-e-type=\"section\">\n\t\t\t\t\t\t<div class=\"elementor-container elementor-column-gap-default\">\n\t\t\t\t\t<div class=\"elementor-column elementor-col-100 elementor-top-column elementor-element elementor-element-6ce7589\" data-id=\"6ce7589\" data-element_type=\"column\" data-e-type=\"column\">\n\t\t\t<div class=\"elementor-widget-wrap elementor-element-populated\">\n\t\t\t\t\t\t<section class=\"elementor-section elementor-inner-section elementor-element elementor-element-6bd1540 elementor-section-boxed elementor-section-height-default elementor-section-height-default\" data-id=\"6bd1540\" data-element_type=\"section\" data-e-type=\"section\">\n\t\t\t\t\t\t<div class=\"elementor-container elementor-column-gap-default\">\n\t\t\t\t\t<div class=\"elementor-column elementor-col-50 elementor-inner-column elementor-element elementor-element-360ea9d7\" data-id=\"360ea9d7\" data-element_type=\"column\" data-e-type=\"column\">\n\t\t\t<div class=\"elementor-widget-wrap elementor-element-populated\">\n\t\t\t\t\t\t<div class=\"elementor-element elementor-element-12edcf0e elementor-widget elementor-widget-heading\" data-id=\"12edcf0e\" data-element_type=\"widget\" data-e-type=\"widget\" data-widget_type=\"heading.default\">\n\t\t\t\t<div class=\"elementor-widget-container\">\n\t\t\t\t\t<h2 class=\"elementor-heading-title elementor-size-default\">Laserbehandlung beim Zahnarzt<\/h2>\t\t\t\t<\/div>\n\t\t\t\t<\/div>\n\t\t\t\t<div class=\"elementor-element elementor-element-2b7718e1 elementor-widget-divider--view-line elementor-widget elementor-widget-divider\" data-id=\"2b7718e1\" data-element_type=\"widget\" data-e-type=\"widget\" data-widget_type=\"divider.default\">\n\t\t\t\t<div class=\"elementor-widget-container\">\n\t\t\t\t\t\t\t<div class=\"elementor-divider\">\n\t\t\t<span class=\"elementor-divider-separator\">\n\t\t\t\t\t\t<\/span>\n\t\t<\/div>\n\t\t\t\t\t\t<\/div>\n\t\t\t\t<\/div>\n\t\t\t\t<div class=\"elementor-element elementor-element-4a66f9eb elementor-widget elementor-widget-text-editor\" data-id=\"4a66f9eb\" data-element_type=\"widget\" data-e-type=\"widget\" data-widget_type=\"text-editor.default\">\n\t\t\t\t<div class=\"elementor-widget-container\">\n\t\t\t\t\t\t\t\t\t<p>The use of low-level laser therapy in our practice promotes wound healing including pain inhibition as well as an anti-inflammatory and anti-edematous effect.<\/p><p>Wound healing can be reduced by up to half the normal healing time by activating cell metabolism and biologically promoting faster healing.<\/p>\t\t\t\t\t\t\t\t<\/div>\n\t\t\t\t<\/div>\n\t\t\t\t\t<\/div>\n\t\t<\/div>\n\t\t\t\t<div class=\"elementor-column elementor-col-50 elementor-inner-column elementor-element elementor-element-6d5ebabc\" data-id=\"6d5ebabc\" data-element_type=\"column\" data-e-type=\"column\">\n\t\t\t<div class=\"elementor-widget-wrap elementor-element-populated\">\n\t\t\t\t\t\t<div class=\"elementor-element elementor-element-6ddd25a7 elementor-widget elementor-widget-image\" data-id=\"6ddd25a7\" data-element_type=\"widget\" data-e-type=\"widget\" data-widget_type=\"image.default\">\n\t\t\t\t<div class=\"elementor-widget-container\">\n\t\t\t\t\t\t\t\t\t\t\t\t\t\t\t<img fetchpriority=\"high\" decoding=\"async\" width=\"800\" height=\"556\" src=\"https:\/\/www.dentalaesthetics.at\/wp-content\/uploads\/2020\/08\/laserbehandlung-zahn-paradontitis.jpg\" class=\"attachment-large size-large wp-image-438\" alt=\"Laserbehandlung Zahnarzt\" srcset=\"https:\/\/www.dentalaesthetics.at\/wp-content\/uploads\/2020\/08\/laserbehandlung-zahn-paradontitis.jpg 800w, https:\/\/www.dentalaesthetics.at\/wp-content\/uploads\/2020\/08\/laserbehandlung-zahn-paradontitis-300x209.jpg 300w, https:\/\/www.dentalaesthetics.at\/wp-content\/uploads\/2020\/08\/laserbehandlung-zahn-paradontitis-768x534.jpg 768w\" sizes=\"(max-width: 800px) 100vw, 800px\" \/>\t\t\t\t\t\t\t\t\t\t\t\t\t\t\t<\/div>\n\t\t\t\t<\/div>\n\t\t\t\t\t<\/div>\n\t\t<\/div>\n\t\t\t\t\t<\/div>\n\t\t<\/section>\n\t\t\t\t<div class=\"elementor-element elementor-element-8ef8891 elementor-widget elementor-widget-text-editor\" data-id=\"8ef8891\" data-element_type=\"widget\" data-e-type=\"widget\" data-widget_type=\"text-editor.default\">\n\t\t\t\t<div class=\"elementor-widget-container\">\n\t\t\t\t\t\t\t\t\t<p>Pain-inhibiting factors are released and thus result in an analgesic effect as pain reduction.<\/p><p>Laser therapy is a form of therapy without side effects that does not burden the patients and is well tolerated by them.<\/p><p>Due to the considerably faster healing, an increase in the quality of life of the patients is achieved.<\/p>\t\t\t\t\t\t\t\t<\/div>\n\t\t\t\t<\/div>\n\t\t\t\t\t<\/div>\n\t\t<\/div>\n\t\t\t\t\t<\/div>\n\t\t<\/section>\n\t\t\t\t<section class=\"elementor-section elementor-top-section elementor-element elementor-element-6c575dfb elementor-section-stretched elementor-section-boxed elementor-section-height-default elementor-section-height-default\" data-id=\"6c575dfb\" data-element_type=\"section\" data-e-type=\"section\" data-settings=\"{&quot;stretch_section&quot;:&quot;section-stretched&quot;,&quot;background_background&quot;:&quot;classic&quot;,&quot;shape_divider_top&quot;:&quot;mountains&quot;}\">\n\t\t\t\t\t<div class=\"elementor-shape elementor-shape-top\" aria-hidden=\"true\" data-negative=\"false\">\n\t\t\t<svg xmlns=\"http:\/\/www.w3.org\/2000\/svg\" viewbox=\"0 0 1000 100\" preserveaspectratio=\"none\">\n\t<path class=\"elementor-shape-fill\" opacity=\"0.33\" d=\"M473,67.3c-203.9,88.3-263.1-34-320.3,0C66,119.1,0,59.7,0,59.7V0h1000v59.7 c0,0-62.1,26.1-94.9,29.3c-32.8,3.3-62.8-12.3-75.8-22.1C806,49.6,745.3,8.7,694.9,4.7S492.4,59,473,67.3z\"\/>\n\t<path class=\"elementor-shape-fill\" opacity=\"0.66\" d=\"M734,67.3c-45.5,0-77.2-23.2-129.1-39.1c-28.6-8.7-150.3-10.1-254,39.1 s-91.7-34.4-149.2,0C115.7,118.3,0,39.8,0,39.8V0h1000v36.5c0,0-28.2-18.5-92.1-18.5C810.2,18.1,775.7,67.3,734,67.3z\"\/>\n\t<path class=\"elementor-shape-fill\" d=\"M766.1,28.9c-200-57.5-266,65.5-395.1,19.5C242,1.8,242,5.4,184.8,20.6C128,35.8,132.3,44.9,89.9,52.5C28.6,63.7,0,0,0,0 h1000c0,0-9.9,40.9-83.6,48.1S829.6,47,766.1,28.9z\"\/>\n<\/svg>\t\t<\/div>\n\t\t\t\t\t<div class=\"elementor-container elementor-column-gap-default\">\n\t\t\t\t\t<div class=\"elementor-column elementor-col-100 elementor-top-column elementor-element elementor-element-23afaf3e\" data-id=\"23afaf3e\" data-element_type=\"column\" data-e-type=\"column\">\n\t\t\t<div class=\"elementor-widget-wrap elementor-element-populated\">\n\t\t\t\t\t\t<section class=\"elementor-section elementor-inner-section elementor-element elementor-element-447c6370 elementor-section-boxed elementor-section-height-default elementor-section-height-default\" data-id=\"447c6370\" data-element_type=\"section\" data-e-type=\"section\">\n\t\t\t\t\t\t<div class=\"elementor-container elementor-column-gap-default\">\n\t\t\t\t\t<div class=\"elementor-column elementor-col-50 elementor-inner-column elementor-element elementor-element-1be94604\" data-id=\"1be94604\" data-element_type=\"column\" data-e-type=\"column\">\n\t\t\t<div class=\"elementor-widget-wrap elementor-element-populated\">\n\t\t\t\t\t\t<div class=\"elementor-element elementor-element-5d267c47 elementor-widget elementor-widget-heading\" data-id=\"5d267c47\" data-element_type=\"widget\" data-e-type=\"widget\" data-widget_type=\"heading.default\">\n\t\t\t\t<div class=\"elementor-widget-container\">\n\t\t\t\t\t<h2 class=\"elementor-heading-title elementor-size-default\">Do you have any further questions?<\/h2>\t\t\t\t<\/div>\n\t\t\t\t<\/div>\n\t\t\t\t<div class=\"elementor-element elementor-element-39550488 elementor-widget elementor-widget-text-editor\" data-id=\"39550488\" data-element_type=\"widget\" data-e-type=\"widget\" data-widget_type=\"text-editor.default\">\n\t\t\t\t<div class=\"elementor-widget-container\">\n\t\t\t\t\t\t\t\t\t<p>We will be happy to advise you on all details and invite you to an initial meeting.<\/p>\t\t\t\t\t\t\t\t<\/div>\n\t\t\t\t<\/div>\n\t\t\t\t\t<\/div>\n\t\t<\/div>\n\t\t\t\t<div class=\"elementor-column elementor-col-50 elementor-inner-column elementor-element elementor-element-309659d\" data-id=\"309659d\" data-element_type=\"column\" data-e-type=\"column\" data-settings=\"{&quot;background_background&quot;:&quot;classic&quot;}\">\n\t\t\t<div class=\"elementor-widget-wrap elementor-element-populated\">\n\t\t\t\t\t\t<div class=\"elementor-element elementor-element-f1dddf4 elementor-widget__width-auto elementor-view-default elementor-widget elementor-widget-icon\" data-id=\"f1dddf4\" data-element_type=\"widget\" data-e-type=\"widget\" data-widget_type=\"icon.default\">\n\t\t\t\t<div class=\"elementor-widget-container\">\n\t\t\t\t\t\t\t<div class=\"elementor-icon-wrapper\">\n\t\t\t<div class=\"elementor-icon\">\n\t\t\t<i aria-hidden=\"true\" class=\"fas fa-phone-alt\"><\/i>\t\t\t<\/div>\n\t\t<\/div>\n\t\t\t\t\t\t<\/div>\n\t\t\t\t<\/div>\n\t\t\t\t<div class=\"elementor-element elementor-element-194bde70 elementor-widget__width-auto elementor-widget elementor-widget-heading\" data-id=\"194bde70\" data-element_type=\"widget\" data-e-type=\"widget\" data-widget_type=\"heading.default\">\n\t\t\t\t<div class=\"elementor-widget-container\">\n\t\t\t\t\t<h2 class=\"elementor-heading-title elementor-size-default\">+43 (0)1 942 07 23<\/h2>\t\t\t\t<\/div>\n\t\t\t\t<\/div>\n\t\t\t\t\t<\/div>\n\t\t<\/div>\n\t\t\t\t\t<\/div>\n\t\t<\/section>\n\t\t\t\t\t<\/div>\n\t\t<\/div>\n\t\t\t\t\t<\/div>\n\t\t<\/section>\n\t\t\t\t<\/div>","protected":false},"excerpt":{"rendered":"<p>Laserbehandlung beim Zahnarzt Durch den Einsatz einer Low-Level-Lasertherapie in unserer Ordination erfolgt eine F\u00f6rderung der Wundheilung samt Schmerzhemmung sowie eine entz\u00fcndungshemmende und anti\u00f6demat\u00f6se Wirkung. Die Wundheilung kann bis um die H\u00e4lfte der normalen Einheilzeit reduziert werden, da der Zellstoffwechsel aktiviert und eine F\u00f6rderung der rascheren Heilung biologisch bewirkt wird. Schmerzhemmende Faktoren werden freigesetzt und ergeben [&hellip;]<\/p>\n","protected":false},"author":1,"featured_media":0,"parent":0,"menu_order":0,"comment_status":"closed","ping_status":"closed","template":"elementor_header_footer","meta":{"footnotes":""},"class_list":["post-432","page","type-page","status-publish","hentry"],"yoast_head":"<!-- This site is optimized with the Yoast SEO plugin v27.5 - https:\/\/yoast.com\/product\/yoast-seo-wordpress\/ -->\n<title>Laserbehandlung - Dentalaesthetics - Dr. med. dent. Muhlis Akarsu<\/title>\n<meta name=\"robots\" content=\"index, follow, max-snippet:-1, max-image-preview:large, max-video-preview:-1\" \/>\n<link rel=\"canonical\" href=\"https:\/\/www.dentalaesthetics.at\/en\/laserbehandlung\/\" \/>\n<meta property=\"og:locale\" content=\"en_GB\" \/>\n<meta property=\"og:type\" content=\"article\" \/>\n<meta property=\"og:title\" content=\"Laserbehandlung - Dentalaesthetics - Dr. med. dent. Muhlis Akarsu\" \/>\n<meta property=\"og:description\" content=\"Laserbehandlung beim Zahnarzt Durch den Einsatz einer Low-Level-Lasertherapie in unserer Ordination erfolgt eine F\u00f6rderung der Wundheilung samt Schmerzhemmung sowie eine entz\u00fcndungshemmende und anti\u00f6demat\u00f6se Wirkung. Die Wundheilung kann bis um die H\u00e4lfte der normalen Einheilzeit reduziert werden, da der Zellstoffwechsel aktiviert und eine F\u00f6rderung der rascheren Heilung biologisch bewirkt wird. Schmerzhemmende Faktoren werden freigesetzt und ergeben [&hellip;]\" \/>\n<meta property=\"og:url\" content=\"https:\/\/www.dentalaesthetics.at\/en\/laserbehandlung\/\" \/>\n<meta property=\"og:site_name\" content=\"Dentalaesthetics - Dr. med. dent. Muhlis Akarsu\" \/>\n<meta property=\"article:modified_time\" content=\"2024-03-09T17:49:55+00:00\" \/>\n<meta property=\"og:image\" content=\"https:\/\/www.dentalaesthetics.at\/wp-content\/uploads\/2020\/08\/laserbehandlung-zahn-paradontitis.jpg\" \/>\n<meta name=\"twitter:card\" content=\"summary_large_image\" \/>\n<meta name=\"twitter:label1\" content=\"Estimated reading time\" \/>\n\t<meta name=\"twitter:data1\" content=\"1 minute\" \/>\n<script type=\"application\/ld+json\" class=\"yoast-schema-graph\">{\"@context\":\"https:\\\/\\\/schema.org\",\"@graph\":[{\"@type\":\"WebPage\",\"@id\":\"https:\\\/\\\/www.dentalaesthetics.at\\\/laserbehandlung\\\/\",\"url\":\"https:\\\/\\\/www.dentalaesthetics.at\\\/laserbehandlung\\\/\",\"name\":\"Laserbehandlung - Dentalaesthetics - Dr. med. dent. Muhlis Akarsu\",\"isPartOf\":{\"@id\":\"https:\\\/\\\/www.dentalaesthetics.at\\\/#website\"},\"primaryImageOfPage\":{\"@id\":\"https:\\\/\\\/www.dentalaesthetics.at\\\/laserbehandlung\\\/#primaryimage\"},\"image\":{\"@id\":\"https:\\\/\\\/www.dentalaesthetics.at\\\/laserbehandlung\\\/#primaryimage\"},\"thumbnailUrl\":\"https:\\\/\\\/www.dentalaesthetics.at\\\/wp-content\\\/uploads\\\/2020\\\/08\\\/laserbehandlung-zahn-paradontitis.jpg\",\"datePublished\":\"2020-08-19T10:57:50+00:00\",\"dateModified\":\"2024-03-09T17:49:55+00:00\",\"breadcrumb\":{\"@id\":\"https:\\\/\\\/www.dentalaesthetics.at\\\/laserbehandlung\\\/#breadcrumb\"},\"inLanguage\":\"en-GB\",\"potentialAction\":[{\"@type\":\"ReadAction\",\"target\":[\"https:\\\/\\\/www.dentalaesthetics.at\\\/laserbehandlung\\\/\"]}]},{\"@type\":\"ImageObject\",\"inLanguage\":\"en-GB\",\"@id\":\"https:\\\/\\\/www.dentalaesthetics.at\\\/laserbehandlung\\\/#primaryimage\",\"url\":\"https:\\\/\\\/www.dentalaesthetics.at\\\/wp-content\\\/uploads\\\/2020\\\/08\\\/laserbehandlung-zahn-paradontitis.jpg\",\"contentUrl\":\"https:\\\/\\\/www.dentalaesthetics.at\\\/wp-content\\\/uploads\\\/2020\\\/08\\\/laserbehandlung-zahn-paradontitis.jpg\"},{\"@type\":\"BreadcrumbList\",\"@id\":\"https:\\\/\\\/www.dentalaesthetics.at\\\/laserbehandlung\\\/#breadcrumb\",\"itemListElement\":[{\"@type\":\"ListItem\",\"position\":1,\"name\":\"Startseite\",\"item\":\"https:\\\/\\\/www.dentalaesthetics.at\\\/\"},{\"@type\":\"ListItem\",\"position\":2,\"name\":\"Laserbehandlung\"}]},{\"@type\":\"WebSite\",\"@id\":\"https:\\\/\\\/www.dentalaesthetics.at\\\/#website\",\"url\":\"https:\\\/\\\/www.dentalaesthetics.at\\\/\",\"name\":\"Dentalaesthetics - Dr. med. dent. Muhlis Akarsu\",\"description\":\"\",\"publisher\":{\"@id\":\"https:\\\/\\\/www.dentalaesthetics.at\\\/#organization\"},\"potentialAction\":[{\"@type\":\"SearchAction\",\"target\":{\"@type\":\"EntryPoint\",\"urlTemplate\":\"https:\\\/\\\/www.dentalaesthetics.at\\\/?s={search_term_string}\"},\"query-input\":{\"@type\":\"PropertyValueSpecification\",\"valueRequired\":true,\"valueName\":\"search_term_string\"}}],\"inLanguage\":\"en-GB\"},{\"@type\":\"Organization\",\"@id\":\"https:\\\/\\\/www.dentalaesthetics.at\\\/#organization\",\"name\":\"Dentalaesthetics - Dr. med. dent. Muhlis Akarsu\",\"url\":\"https:\\\/\\\/www.dentalaesthetics.at\\\/\",\"logo\":{\"@type\":\"ImageObject\",\"inLanguage\":\"en-GB\",\"@id\":\"https:\\\/\\\/www.dentalaesthetics.at\\\/#\\\/schema\\\/logo\\\/image\\\/\",\"url\":\"https:\\\/\\\/www.dentalaesthetics.at\\\/wp-content\\\/uploads\\\/2019\\\/12\\\/logo-n.png\",\"contentUrl\":\"https:\\\/\\\/www.dentalaesthetics.at\\\/wp-content\\\/uploads\\\/2019\\\/12\\\/logo-n.png\",\"width\":350,\"height\":70,\"caption\":\"Dentalaesthetics - Dr. med. dent. Muhlis Akarsu\"},\"image\":{\"@id\":\"https:\\\/\\\/www.dentalaesthetics.at\\\/#\\\/schema\\\/logo\\\/image\\\/\"}}]}<\/script>\n<!-- \/ Yoast SEO plugin. -->","yoast_head_json":{"title":"Laserbehandlung - Dentalaesthetics - Dr. med. dent. Muhlis Akarsu","robots":{"index":"index","follow":"follow","max-snippet":"max-snippet:-1","max-image-preview":"max-image-preview:large","max-video-preview":"max-video-preview:-1"},"canonical":"https:\/\/www.dentalaesthetics.at\/en\/laserbehandlung\/","og_locale":"en_GB","og_type":"article","og_title":"Laserbehandlung - Dentalaesthetics - Dr. med. dent. Muhlis Akarsu","og_description":"Laserbehandlung beim Zahnarzt Durch den Einsatz einer Low-Level-Lasertherapie in unserer Ordination erfolgt eine F\u00f6rderung der Wundheilung samt Schmerzhemmung sowie eine entz\u00fcndungshemmende und anti\u00f6demat\u00f6se Wirkung. Die Wundheilung kann bis um die H\u00e4lfte der normalen Einheilzeit reduziert werden, da der Zellstoffwechsel aktiviert und eine F\u00f6rderung der rascheren Heilung biologisch bewirkt wird. Schmerzhemmende Faktoren werden freigesetzt und ergeben [&hellip;]","og_url":"https:\/\/www.dentalaesthetics.at\/en\/laserbehandlung\/","og_site_name":"Dentalaesthetics - Dr. med. dent. Muhlis Akarsu","article_modified_time":"2024-03-09T17:49:55+00:00","og_image":[{"url":"https:\/\/www.dentalaesthetics.at\/wp-content\/uploads\/2020\/08\/laserbehandlung-zahn-paradontitis.jpg","type":"","width":"","height":""}],"twitter_card":"summary_large_image","twitter_misc":{"Estimated reading time":"1 minute"},"schema":{"@context":"https:\/\/schema.org","@graph":[{"@type":"WebPage","@id":"https:\/\/www.dentalaesthetics.at\/laserbehandlung\/","url":"https:\/\/www.dentalaesthetics.at\/laserbehandlung\/","name":"Laserbehandlung - Dentalaesthetics - Dr. med. dent. Muhlis Akarsu","isPartOf":{"@id":"https:\/\/www.dentalaesthetics.at\/#website"},"primaryImageOfPage":{"@id":"https:\/\/www.dentalaesthetics.at\/laserbehandlung\/#primaryimage"},"image":{"@id":"https:\/\/www.dentalaesthetics.at\/laserbehandlung\/#primaryimage"},"thumbnailUrl":"https:\/\/www.dentalaesthetics.at\/wp-content\/uploads\/2020\/08\/laserbehandlung-zahn-paradontitis.jpg","datePublished":"2020-08-19T10:57:50+00:00","dateModified":"2024-03-09T17:49:55+00:00","breadcrumb":{"@id":"https:\/\/www.dentalaesthetics.at\/laserbehandlung\/#breadcrumb"},"inLanguage":"en-GB","potentialAction":[{"@type":"ReadAction","target":["https:\/\/www.dentalaesthetics.at\/laserbehandlung\/"]}]},{"@type":"ImageObject","inLanguage":"en-GB","@id":"https:\/\/www.dentalaesthetics.at\/laserbehandlung\/#primaryimage","url":"https:\/\/www.dentalaesthetics.at\/wp-content\/uploads\/2020\/08\/laserbehandlung-zahn-paradontitis.jpg","contentUrl":"https:\/\/www.dentalaesthetics.at\/wp-content\/uploads\/2020\/08\/laserbehandlung-zahn-paradontitis.jpg"},{"@type":"BreadcrumbList","@id":"https:\/\/www.dentalaesthetics.at\/laserbehandlung\/#breadcrumb","itemListElement":[{"@type":"ListItem","position":1,"name":"Startseite","item":"https:\/\/www.dentalaesthetics.at\/"},{"@type":"ListItem","position":2,"name":"Laserbehandlung"}]},{"@type":"WebSite","@id":"https:\/\/www.dentalaesthetics.at\/#website","url":"https:\/\/www.dentalaesthetics.at\/","name":"Dentalaesthetics - Dr. med. dent. Muhlis Akarsu","description":"","publisher":{"@id":"https:\/\/www.dentalaesthetics.at\/#organization"},"potentialAction":[{"@type":"SearchAction","target":{"@type":"EntryPoint","urlTemplate":"https:\/\/www.dentalaesthetics.at\/?s={search_term_string}"},"query-input":{"@type":"PropertyValueSpecification","valueRequired":true,"valueName":"search_term_string"}}],"inLanguage":"en-GB"},{"@type":"Organization","@id":"https:\/\/www.dentalaesthetics.at\/#organization","name":"Dentalaesthetics - Dr. med. dent. Muhlis Akarsu","url":"https:\/\/www.dentalaesthetics.at\/","logo":{"@type":"ImageObject","inLanguage":"en-GB","@id":"https:\/\/www.dentalaesthetics.at\/#\/schema\/logo\/image\/","url":"https:\/\/www.dentalaesthetics.at\/wp-content\/uploads\/2019\/12\/logo-n.png","contentUrl":"https:\/\/www.dentalaesthetics.at\/wp-content\/uploads\/2019\/12\/logo-n.png","width":350,"height":70,"caption":"Dentalaesthetics - Dr. med. dent. Muhlis Akarsu"},"image":{"@id":"https:\/\/www.dentalaesthetics.at\/#\/schema\/logo\/image\/"}}]}},"_links":{"self":[{"href":"https:\/\/www.dentalaesthetics.at\/en\/wp-json\/wp\/v2\/pages\/432","targetHints":{"allow":["GET"]}}],"collection":[{"href":"https:\/\/www.dentalaesthetics.at\/en\/wp-json\/wp\/v2\/pages"}],"about":[{"href":"https:\/\/www.dentalaesthetics.at\/en\/wp-json\/wp\/v2\/types\/page"}],"author":[{"embeddable":true,"href":"https:\/\/www.dentalaesthetics.at\/en\/wp-json\/wp\/v2\/users\/1"}],"replies":[{"embeddable":true,"href":"https:\/\/www.dentalaesthetics.at\/en\/wp-json\/wp\/v2\/comments?post=432"}],"version-history":[{"count":15,"href":"https:\/\/www.dentalaesthetics.at\/en\/wp-json\/wp\/v2\/pages\/432\/revisions"}],"predecessor-version":[{"id":670,"href":"https:\/\/www.dentalaesthetics.at\/en\/wp-json\/wp\/v2\/pages\/432\/revisions\/670"}],"wp:attachment":[{"href":"https:\/\/www.dentalaesthetics.at\/en\/wp-json\/wp\/v2\/media?parent=432"}],"curies":[{"name":"wp","href":"https:\/\/api.w.org\/{rel}","templated":true}]}}